{"id":4091,"date":"2024-10-31T08:21:50","date_gmt":"2024-10-31T08:21:50","guid":{"rendered":"https:\/\/quamedical.nl\/chirurgie-de-la-main\/regjoint-spacer\/"},"modified":"2024-11-08T08:44:14","modified_gmt":"2024-11-08T08:44:14","slug":"regjoint-spacer","status":"publish","type":"page","link":"https:\/\/quamedical.nl\/fr\/chirurgie-de-la-main\/regjoint-spacer\/","title":{"rendered":"Regjoint Spacer"},"content":{"rendered":"\t<div class=\"img has-hover show-for-small x md-x lg-x y md-y lg-y\" id=\"image_1306702359\">\n\t\t\t\t\t\t\t\t<div class=\"img-inner dark\" >\n\t\t\t<img loading=\"lazy\" decoding=\"async\" width=\"1200\" height=\"400\" src=\"https:\/\/quamedical.nl\/wp-content\/uploads\/2024\/10\/headers-klein-product-4.jpg\" class=\"attachment-original size-original\" alt=\"\" srcset=\"https:\/\/quamedical.nl\/wp-content\/uploads\/2024\/10\/headers-klein-product-4.jpg 1200w, https:\/\/quamedical.nl\/wp-content\/uploads\/2024\/10\/headers-klein-product-4-800x267.jpg 800w, https:\/\/quamedical.nl\/wp-content\/uploads\/2024\/10\/headers-klein-product-4-768x256.jpg 768w\" sizes=\"auto, (max-width: 1200px) 100vw, 1200px\" \/>\t\t\t\t\t\t\n\t\t\t\t\t<\/div>\n\t\t\t\t\t\t\t\t\n<style>\n#image_1306702359 {\n  width: 100%;\n}\n<\/style>\n\t<\/div>\n\t\n\n\n  <div class=\"banner has-hover hide-for-small\" id=\"banner-930631773\">\n          <div class=\"banner-inner fill\">\n        <div class=\"banner-bg fill\" >\n            <div class=\"bg fill bg-fill \"><\/div>\n                                    \n                    <\/div>\n\t\t\n        <div class=\"banner-layers container\">\n            <div class=\"fill banner-link\"><\/div>            \n\n   <div id=\"text-box-1922387685\" class=\"text-box banner-layer x50 md-x50 lg-x50 y50 md-y50 lg-y50 res-text\">\n                                <div class=\"text-box-content text dark\">\n              \n              <div class=\"text-inner text-center\">\n                  \n\n\n              <\/div>\n           <\/div>\n                            \n<style>\n#text-box-1922387685 {\n  width: 60%;\n}\n#text-box-1922387685 .text-box-content {\n  font-size: 100%;\n}\n@media (min-width:550px) {\n  #text-box-1922387685 {\n    width: 60%;\n  }\n}\n<\/style>\n    <\/div>\n \n\n        <\/div>\n      <\/div>\n\n            \n<style>\n#banner-930631773 {\n  padding-top: 360px;\n}\n#banner-930631773 .bg.bg-loaded {\n  background-image: url(https:\/\/quamedical.nl\/wp-content\/uploads\/2024\/10\/headers-klein-product-4.jpg);\n}\n#banner-930631773 .bg {\n  background-position: 53% 47%;\n}\n<\/style>\n  <\/div>\n\n\n\t<div id=\"gap-441445838\" class=\"gap-element clearfix\" style=\"display:block; height:auto;\">\n\t\t\n<style>\n#gap-441445838 {\n  padding-top: 30px;\n}\n<\/style>\n\t<\/div>\n\t\n\n\t<div id=\"gap-630445475\" class=\"gap-element clearfix\" style=\"display:block; height:auto;\">\n\t\t\n<style>\n#gap-630445475 {\n  padding-top: 30px;\n}\n<\/style>\n\t<\/div>\n\t\n\n<div class=\"row\"  id=\"row-725294886\">\n\n\n\t<div id=\"col-463926220\" class=\"col medium-7 small-12 large-7\"  >\n\t\t\t\t<div class=\"col-inner\"  >\n\t\t\t\n\t\t\t\n\n<h1><span style=\"color: #000000;\"><strong>Regjoint Spacer - Scaffdex<\/strong><\/span><\/h1>\n<p><span style=\"color: #000000;\"><strong>\u00c9carteur pour petites articulations<\/strong><\/span><\/p>\n<p>Le RegJoint\u2122 est un implant absorbable de petite articulation, poreux et biod\u00e9gradable en forme de disque. Il est utilis\u00e9 dans les proth\u00e8ses de petites articulations des mains et des pieds pour les patients souffrant, par exemple, de polyarthrite rhumato\u00efde ou d'ost\u00e9oarthrite.<\/p>\n<p>Avantages du RegJoint<\/p>\n<ul>\n<li>Am\u00e9lioration significative de la fonctionnalit\u00e9 des membres op\u00e9r\u00e9s<\/li>\n<li>R\u00e9duction significative de la douleur dans les membres op\u00e9r\u00e9s<\/li>\n<li>Aucune limitation de poids ou de fonction apr\u00e8s la p\u00e9riode de r\u00e9\u00e9ducation<\/li>\n<li>Apparence excellente des membres op\u00e9r\u00e9s<\/li>\n<li>Aucun risque de rupture de l'implant gr\u00e2ce au mat\u00e9riau biod\u00e9gradable<\/li>\n<li>Aucune n\u00e9cessit\u00e9 de retirer l'implant en raison de son caract\u00e8re biod\u00e9gradable<\/li>\n<li>Aucune ost\u00e9olyse significative pendant la r\u00e9sorption de l'implant<\/li>\n<li>Maintien de la structure et de la fonction apr\u00e8s la r\u00e9sorption de l'implant<\/li>\n<li>Possibilit\u00e9 d'utiliser une greffe osseuse intram\u00e9dullaire pour remplir les cavit\u00e9s ost\u00e9olytiques lors des r\u00e9visions<\/li>\n<li>Plus de 10 ans d'exp\u00e9rience clinique<\/li>\n<\/ul>\n\n\n\t\t<\/div>\n\t\t\t\t\t<\/div>\n\n\t\n\n\t<div id=\"col-724013572\" class=\"col medium-5 small-12 large-5\"  >\n\t\t\t\t<div class=\"col-inner\"  >\n\t\t\t\n\t\t\t\n\n<div class=\"row\"  id=\"row-26878570\">\n\n\n\t<div id=\"col-215358540\" class=\"col small-12 large-12\"  >\n\t\t\t\t<div class=\"col-inner\"  >\n\t\t\t\n\t\t\t\n\n\t<div class=\"img has-hover x md-x lg-x y md-y lg-y\" id=\"image_499852667\">\n\t\t\t\t\t\t\t\t<div class=\"img-inner dark\" >\n\t\t\t<img loading=\"lazy\" decoding=\"async\" width=\"420\" height=\"420\" src=\"https:\/\/quamedical.nl\/wp-content\/uploads\/2024\/10\/regjoint.jpg\" class=\"attachment-original size-original\" alt=\"\" srcset=\"https:\/\/quamedical.nl\/wp-content\/uploads\/2024\/10\/regjoint.jpg 420w, https:\/\/quamedical.nl\/wp-content\/uploads\/2024\/10\/regjoint-400x400.jpg 400w, https:\/\/quamedical.nl\/wp-content\/uploads\/2024\/10\/regjoint-280x280.jpg 280w\" sizes=\"auto, (max-width: 420px) 100vw, 420px\" \/>\t\t\t\t\t\t\n\t\t\t\t\t<\/div>\n\t\t\t\t\t\t\t\t\n<style>\n#image_499852667 {\n  width: 100%;\n}\n<\/style>\n\t<\/div>\n\t\n\n\n\t\t<\/div>\n\t\t\t\t\t<\/div>\n\n\t\n\n<\/div>\n\n\t\t<\/div>\n\t\t\t\t\t<\/div>\n\n\t\n\n<\/div>\n<div class=\"row\"  id=\"row-126281269\">\n\n\n\t<div id=\"col-475165737\" class=\"col small-12 large-12\"  >\n\t\t\t\t<div class=\"col-inner\"  >\n\t\t\t\n\t\t\t\n\n\n\t\t<div class=\"tabbed-content\">\n\t\t\t<h4 class=\"uppercase text-left\">Regjoint Spacer<\/h4>\n\t\t\t<ul class=\"nav nav-pills nav-vertical nav-normal nav-size-large nav-left\" role=\"tablist\"><li id=\"tab-1603370673\" class=\"tab active has-icon\" role=\"presentation\"><a href=\"#tab_1603370673\" role=\"tab\" aria-selected=\"true\" aria-controls=\"tab_1603370673\"><span><\/span><\/a><\/li>\n<li id=\"tab-images-et-vid\u00e9o\" class=\"tab has-icon\" role=\"presentation\"><a href=\"#tab_images-et-vid\u00e9o\" tabindex=\"-1\" role=\"tab\" aria-selected=\"false\" aria-controls=\"tab_images-et-vid\u00e9o\"><span>Images et Vid\u00e9o<\/span><\/a><\/li>\n<li id=\"tab-t\u00e9l\u00e9chargements\" class=\"tab has-icon\" role=\"presentation\"><a href=\"#tab_t\u00e9l\u00e9chargements\" tabindex=\"-1\" role=\"tab\" aria-selected=\"false\" aria-controls=\"tab_t\u00e9l\u00e9chargements\"><span>T\u00e9l\u00e9chargements<\/span><\/a><\/li><\/ul><div class=\"tab-panels\"><div id=\"tab_1603370673\" class=\"panel active entry-content\" role=\"tabpanel\" aria-labelledby=\"tab-1603370673\">\n\n<div class=\"row\"  id=\"row-1331613407\">\n\n\n\t<div id=\"col-231129446\" class=\"col medium-9 small-12 large-9\"  >\n\t\t\t\t<div class=\"col-inner\"  >\n\t\t\t\n\t\t\t\n\n\n\t\t<\/div>\n\t\t\t\t\t<\/div>\n\n\t\n\n\t<div id=\"col-1838872233\" class=\"col medium-3 small-12 large-3\"  >\n\t\t\t\t<div class=\"col-inner\"  >\n\t\t\t\n\t\t\t\n\n\n\t\t<\/div>\n\t\t\t\t\t<\/div>\n\n\t\n\n<\/div>\n\n<\/div>\n<div id=\"tab_images-et-vid\u00e9o\" class=\"panel entry-content\" role=\"tabpanel\" aria-labelledby=\"tab-images-et-vid\u00e9o\">\n\n<div class=\"row\"  id=\"row-2108552185\">\n\n\n\t<div id=\"col-1168398609\" class=\"col medium-9 small-12 large-9\"  >\n\t\t\t\t<div class=\"col-inner\"  >\n\t\t\t\n\t\t\t\n\n\n  \n    <div class=\"row large-columns-3 medium-columns- small-columns-2\" >\n  <div class=\"gallery-col col\" >\n          <div class=\"col-inner\">\n            <a class=\"image-lightbox lightbox-gallery\" href=\"https:\/\/quamedical.nl\/wp-content\/uploads\/2024\/10\/regjoint.jpg\" title=\"\">            <div class=\"box has-hover gallery-box box-overlay dark\">\n              <div class=\"box-image image-cover\" style=\"padding-top:56.25%;\">\n                <img loading=\"lazy\" decoding=\"async\" width=\"400\" height=\"400\" src=\"https:\/\/quamedical.nl\/wp-content\/uploads\/2024\/10\/regjoint-400x400.jpg\" class=\"attachment-medium size-medium\" alt=\"\" ids=\"3837\" columns=\"3\" image_height=\"56.25%\" srcset=\"https:\/\/quamedical.nl\/wp-content\/uploads\/2024\/10\/regjoint-400x400.jpg 400w, https:\/\/quamedical.nl\/wp-content\/uploads\/2024\/10\/regjoint-280x280.jpg 280w, https:\/\/quamedical.nl\/wp-content\/uploads\/2024\/10\/regjoint.jpg 420w\" sizes=\"auto, (max-width: 400px) 100vw, 400px\" \/>                                  <div class=\"overlay fill\"\n                      style=\"background-color: rgba(0,0,0,.15)\">\n                  <\/div>\n                                                              <\/div>\n              <div class=\"box-text text-left\" >\n                 <p><\/p>\n              <\/div>\n            <\/div>\n            <\/a>          <\/div>\n         <\/div><\/div>\n\n<div class=\"row\"  id=\"row-73578587\">\n\n\n\t<div id=\"col-409270325\" class=\"col medium-8 small-12 large-8\"  >\n\t\t\t\t<div class=\"col-inner\"  >\n\t\t\t\n\t\t\t\n\n\n\t\t<\/div>\n\t\t\t\t\t<\/div>\n\n\t\n\n\t<div id=\"col-422115909\" class=\"col medium-4 small-12 large-4\"  >\n\t\t\t\t<div class=\"col-inner\"  >\n\t\t\t\n\t\t\t\n\n\n\t\t<\/div>\n\t\t\t\t\t<\/div>\n\n\t\n\n<\/div>\n\n\t\t<\/div>\n\t\t\t\t\t<\/div>\n\n\t\n\n<\/div>\n\n<\/div>\n<div id=\"tab_t\u00e9l\u00e9chargements\" class=\"panel entry-content\" role=\"tabpanel\" aria-labelledby=\"tab-t\u00e9l\u00e9chargements\">\n\n<div class=\"row\"  id=\"row-1828732878\">\n\n\n\t<div id=\"col-1030885957\" class=\"col medium-6 small-12 large-6\"  >\n\t\t\t\t<div class=\"col-inner\"  >\n\t\t\t\n\t\t\t\n\n\t<div id=\"text-437142015\" class=\"text\">\n\t\t\n\n<p>En construction<\/p>\n\n\t\t\n<style>\n#text-437142015 {\n  font-size: 1rem;\n}\n<\/style>\n\t<\/div>\n\t\n\n\t\t<\/div>\n\t\t\t\t\t<\/div>\n\n\t\n\n\t<div id=\"col-312938633\" class=\"col medium-4 small-12 large-4\"  >\n\t\t\t\t<div class=\"col-inner\"  >\n\t\t\t\n\t\t\t\n\n<a href=\"\/documenten\/scaffdex\/Regjoint_gebruiksaanwijzing_NL.pdf\" class=\"button primary is-small\"  >\n    <span>T\u00e9l\u00e9charger la brochure<\/span>\n  <\/a>\n\n\n\n\t\t<\/div>\n\t\t\t\t\t<\/div>\n\n\t\n\n<\/div>\n\n<\/div><\/div><\/div>\n<div class=\"row\"  id=\"row-1275012588\">\n\n\n\t<div id=\"col-1233821149\" class=\"col medium-4 small-12 large-4\"  >\n\t\t\t\t<div class=\"col-inner\"  >\n\t\t\t\n\t\t\t\n\n\t<div class=\"img has-hover x md-x lg-x y md-y lg-y\" id=\"image_296578279\">\n\t\t\t\t\t\t\t\t<div class=\"img-inner dark\" >\n\t\t\t<img loading=\"lazy\" decoding=\"async\" width=\"215\" height=\"72\" src=\"https:\/\/quamedical.nl\/wp-content\/uploads\/2024\/10\/logo_scaffdex.png\" class=\"attachment-original size-original\" alt=\"\" \/>\t\t\t\t\t\t\n\t\t\t\t\t<\/div>\n\t\t\t\t\t\t\t\t\n<style>\n#image_296578279 {\n  width: 79%;\n}\n<\/style>\n\t<\/div>\n\t\n\n\n\t\t<\/div>\n\t\t\t\t\t<\/div>\n\n\t\n\n\t<div id=\"col-1025961681\" class=\"col medium-4 small-12 large-4\"  >\n\t\t\t\t<div class=\"col-inner\"  >\n\t\t\t\n\t\t\t\n\n\n\t\t<\/div>\n\t\t\t\t\t<\/div>\n\n\t\n\n\t<div id=\"col-2046429548\" class=\"col medium-4 small-12 large-4\"  >\n\t\t\t\t<div class=\"col-inner\"  >\n\t\t\t\n\t\t\t\n\n\n\t\t<\/div>\n\t\t\t\t\t<\/div>\n\n\t\n\n<\/div>\n\n\t\t<\/div>\n\t\t\t\t\t<\/div>\n\n\t\n\n<\/div>\n<div class=\"row\"  id=\"row-552886109\">\n\n\n\t<div id=\"col-1578927587\" class=\"col small-12 large-12\"  >\n\t\t\t\t<div class=\"col-inner\"  >\n\t\t\t\n\t\t\t\n\n\n  \n    <div class=\"row large-columns-6 medium-columns-3 small-columns-2 has-shadow row-box-shadow-3 row-box-shadow-3-hover\" >\n  <div class=\"page-col col\" data-animate=\"fadeInRight\">\n          <div class=\"col-inner\" >\n          <a class=\"block plain\" href=\"https:\/\/quamedical.nl\/fr\/chirurgie-de-la-main\/neurolac-nerve\/\" title=\"Neurolac Nerve\" target=\"\">\n            <div class=\"page-box box has-hover\">\n                  <div class=\"box-image\" >\n                      <div class=\"box-image image-zoom-long image-cover\" style=\"padding-top:100%;\">\n                      <img loading=\"lazy\" decoding=\"async\" width=\"399\" height=\"400\" src=\"https:\/\/quamedical.nl\/wp-content\/uploads\/2024\/10\/Neurolac-399x400.jpg\" class=\"attachment-medium size-medium\" alt=\"\" srcset=\"https:\/\/quamedical.nl\/wp-content\/uploads\/2024\/10\/Neurolac-399x400.jpg 399w, https:\/\/quamedical.nl\/wp-content\/uploads\/2024\/10\/Neurolac-280x280.jpg 280w, https:\/\/quamedical.nl\/wp-content\/uploads\/2024\/10\/Neurolac.jpg 640w\" sizes=\"auto, (max-width: 399px) 100vw, 399px\" \/>                      <\/div>\n                                                              <\/div>\n                  <div class=\"box-text text-center dark\" style=\"background-color:rgb(88, 44, 131);\">\n                        <div class=\"box-text-inner\">\n                            <p>Neurolac Nerve<\/p>\n                        <\/div>\n                  <\/div>\n              <\/div>\n            <\/a>\n            <\/div>\n          <\/div><div class=\"page-col col\" data-animate=\"fadeInRight\">\n          <div class=\"col-inner\" >\n          <a class=\"block plain\" href=\"https:\/\/quamedical.nl\/fr\/chirurgie-de-la-main\/neurocap-nerve-caps\/\" title=\"Neurocap Nerve Caps\" target=\"\">\n            <div class=\"page-box box has-hover\">\n                  <div class=\"box-image\" >\n                      <div class=\"box-image image-zoom-long image-cover\" style=\"padding-top:100%;\">\n                      <img loading=\"lazy\" decoding=\"async\" width=\"412\" height=\"400\" src=\"https:\/\/quamedical.nl\/wp-content\/uploads\/2024\/10\/Neurocap-412x400.jpg\" class=\"attachment-medium size-medium\" alt=\"\" srcset=\"https:\/\/quamedical.nl\/wp-content\/uploads\/2024\/10\/Neurocap-412x400.jpg 412w, https:\/\/quamedical.nl\/wp-content\/uploads\/2024\/10\/Neurocap.jpg 603w\" sizes=\"auto, (max-width: 412px) 100vw, 412px\" \/>                      <\/div>\n                                                              <\/div>\n                  <div class=\"box-text text-center dark\" style=\"background-color:rgb(88, 44, 131);\">\n                        <div class=\"box-text-inner\">\n                            <p>Neurocap Nerve Caps<\/p>\n                        <\/div>\n                  <\/div>\n              <\/div>\n            <\/a>\n            <\/div>\n          <\/div><div class=\"page-col col\" data-animate=\"fadeInRight\">\n          <div class=\"col-inner\" >\n          <a class=\"block plain\" href=\"https:\/\/quamedical.nl\/fr\/chirurgie-de-la-main\/dynavisc-gel\/\" title=\"Dynavisc Gel\" target=\"\">\n            <div class=\"page-box box has-hover\">\n                  <div class=\"box-image\" >\n                      <div class=\"box-image image-zoom-long image-cover\" style=\"padding-top:100%;\">\n                      <img loading=\"lazy\" decoding=\"async\" width=\"533\" height=\"400\" src=\"https:\/\/quamedical.nl\/wp-content\/uploads\/2024\/10\/Dynavisc-533x400.jpg\" class=\"attachment-medium size-medium\" alt=\"\" srcset=\"https:\/\/quamedical.nl\/wp-content\/uploads\/2024\/10\/Dynavisc-533x400.jpg 533w, https:\/\/quamedical.nl\/wp-content\/uploads\/2024\/10\/Dynavisc-768x576.jpg 768w, https:\/\/quamedical.nl\/wp-content\/uploads\/2024\/10\/Dynavisc.jpg 800w\" sizes=\"auto, (max-width: 533px) 100vw, 533px\" \/>                      <\/div>\n                                                              <\/div>\n                  <div class=\"box-text text-center dark\" style=\"background-color:rgb(88, 44, 131);\">\n                        <div class=\"box-text-inner\">\n                            <p>Dynavisc Gel<\/p>\n                        <\/div>\n                  <\/div>\n              <\/div>\n            <\/a>\n            <\/div>\n          <\/div><div class=\"page-col col\" data-animate=\"fadeInRight\">\n          <div class=\"col-inner\" >\n          <a class=\"block plain\" href=\"https:\/\/quamedical.nl\/fr\/chirurgie-de-la-main\/regjoint-spacer\/\" title=\"Regjoint Spacer\" target=\"\">\n            <div class=\"page-box box has-hover\">\n                  <div class=\"box-image\" >\n                      <div class=\"box-image image-zoom-long image-cover\" style=\"padding-top:100%;\">\n                      <img loading=\"lazy\" decoding=\"async\" width=\"400\" height=\"400\" src=\"https:\/\/quamedical.nl\/wp-content\/uploads\/2024\/10\/regjoint-400x400.jpg\" class=\"attachment-medium size-medium\" alt=\"\" srcset=\"https:\/\/quamedical.nl\/wp-content\/uploads\/2024\/10\/regjoint-400x400.jpg 400w, https:\/\/quamedical.nl\/wp-content\/uploads\/2024\/10\/regjoint-280x280.jpg 280w, https:\/\/quamedical.nl\/wp-content\/uploads\/2024\/10\/regjoint.jpg 420w\" sizes=\"auto, (max-width: 400px) 100vw, 400px\" \/>                      <\/div>\n                                                              <\/div>\n                  <div class=\"box-text text-center dark\" style=\"background-color:rgb(88, 44, 131);\">\n                        <div class=\"box-text-inner\">\n                            <p>Regjoint Spacer<\/p>\n                        <\/div>\n                  <\/div>\n              <\/div>\n            <\/a>\n            <\/div>\n          <\/div><\/div>\n\n\n\t\t<\/div>\n\t\t\t\t\t<\/div>\n\n\t\n\n<\/div>\n","protected":false},"excerpt":{"rendered":"","protected":false},"author":1,"featured_media":3837,"parent":4050,"menu_order":4,"comment_status":"closed","ping_status":"closed","template":"page-blank.php","meta":{"footnotes":""},"class_list":["post-4091","page","type-page","status-publish","has-post-thumbnail","hentry"],"yoast_head":"<!-- This site is optimized with the Yoast SEO plugin v27.2 - https:\/\/yoast.com\/product\/yoast-seo-wordpress\/ -->\n<title>Regjoint Spacer - QuaMedical Medische oplossingen voor de Chirurgie<\/title>\n<meta name=\"robots\" content=\"index, follow, max-snippet:-1, max-image-preview:large, max-video-preview:-1\" \/>\n<link rel=\"canonical\" href=\"https:\/\/quamedical.nl\/fr\/chirurgie-de-la-main\/regjoint-spacer\/\" \/>\n<meta property=\"og:locale\" content=\"fr_FR\" \/>\n<meta property=\"og:type\" content=\"article\" \/>\n<meta property=\"og:title\" content=\"Regjoint Spacer - QuaMedical Medische oplossingen voor de Chirurgie\" \/>\n<meta property=\"og:url\" content=\"https:\/\/quamedical.nl\/fr\/chirurgie-de-la-main\/regjoint-spacer\/\" \/>\n<meta property=\"og:site_name\" content=\"QuaMedical Medische oplossingen voor de Chirurgie\" \/>\n<meta property=\"article:modified_time\" content=\"2024-11-08T08:44:14+00:00\" \/>\n<meta property=\"og:image\" content=\"https:\/\/quamedical.nl\/wp-content\/uploads\/2024\/10\/regjoint.jpg\" \/>\n\t<meta property=\"og:image:width\" content=\"420\" \/>\n\t<meta property=\"og:image:height\" content=\"420\" \/>\n\t<meta property=\"og:image:type\" content=\"image\/jpeg\" \/>\n<meta name=\"twitter:card\" content=\"summary_large_image\" \/>\n<meta name=\"twitter:label1\" content=\"Dur\u00e9e de lecture estim\u00e9e\" \/>\n\t<meta name=\"twitter:data1\" content=\"1 minute\" \/>\n<script type=\"application\/ld+json\" class=\"yoast-schema-graph\">{\"@context\":\"https:\/\/schema.org\",\"@graph\":[{\"@type\":\"WebPage\",\"@id\":\"https:\/\/quamedical.nl\/fr\/chirurgie-de-la-main\/regjoint-spacer\/\",\"url\":\"https:\/\/quamedical.nl\/fr\/chirurgie-de-la-main\/regjoint-spacer\/\",\"name\":\"Regjoint Spacer - QuaMedical Medische oplossingen voor de Chirurgie\",\"isPartOf\":{\"@id\":\"https:\/\/quamedical.nl\/#website\"},\"primaryImageOfPage\":{\"@id\":\"https:\/\/quamedical.nl\/fr\/chirurgie-de-la-main\/regjoint-spacer\/#primaryimage\"},\"image\":{\"@id\":\"https:\/\/quamedical.nl\/fr\/chirurgie-de-la-main\/regjoint-spacer\/#primaryimage\"},\"thumbnailUrl\":\"https:\/\/quamedical.nl\/wp-content\/uploads\/2024\/10\/regjoint.jpg\",\"datePublished\":\"2024-10-31T08:21:50+00:00\",\"dateModified\":\"2024-11-08T08:44:14+00:00\",\"breadcrumb\":{\"@id\":\"https:\/\/quamedical.nl\/fr\/chirurgie-de-la-main\/regjoint-spacer\/#breadcrumb\"},\"inLanguage\":\"fr-FR\",\"potentialAction\":[{\"@type\":\"ReadAction\",\"target\":[\"https:\/\/quamedical.nl\/fr\/chirurgie-de-la-main\/regjoint-spacer\/\"]}]},{\"@type\":\"ImageObject\",\"inLanguage\":\"fr-FR\",\"@id\":\"https:\/\/quamedical.nl\/fr\/chirurgie-de-la-main\/regjoint-spacer\/#primaryimage\",\"url\":\"https:\/\/quamedical.nl\/wp-content\/uploads\/2024\/10\/regjoint.jpg\",\"contentUrl\":\"https:\/\/quamedical.nl\/wp-content\/uploads\/2024\/10\/regjoint.jpg\",\"width\":420,\"height\":420},{\"@type\":\"BreadcrumbList\",\"@id\":\"https:\/\/quamedical.nl\/fr\/chirurgie-de-la-main\/regjoint-spacer\/#breadcrumb\",\"itemListElement\":[{\"@type\":\"ListItem\",\"position\":1,\"name\":\"Chirurgie de la Main\",\"item\":\"https:\/\/quamedical.nl\/fr\/chirurgie-de-la-main\/\"},{\"@type\":\"ListItem\",\"position\":2,\"name\":\"Regjoint Spacer\"}]},{\"@type\":\"WebSite\",\"@id\":\"https:\/\/quamedical.nl\/#website\",\"url\":\"https:\/\/quamedical.nl\/\",\"name\":\"QuaMedical Medische oplossingen voor de Chirurgie\",\"description\":\"\",\"potentialAction\":[{\"@type\":\"SearchAction\",\"target\":{\"@type\":\"EntryPoint\",\"urlTemplate\":\"https:\/\/quamedical.nl\/?s={search_term_string}\"},\"query-input\":{\"@type\":\"PropertyValueSpecification\",\"valueRequired\":true,\"valueName\":\"search_term_string\"}}],\"inLanguage\":\"fr-FR\"}]}<\/script>\n<!-- \/ Yoast SEO plugin. -->","yoast_head_json":{"title":"Regjoint Spacer - QuaMedical Medische oplossingen voor de Chirurgie","robots":{"index":"index","follow":"follow","max-snippet":"max-snippet:-1","max-image-preview":"max-image-preview:large","max-video-preview":"max-video-preview:-1"},"canonical":"https:\/\/quamedical.nl\/fr\/chirurgie-de-la-main\/regjoint-spacer\/","og_locale":"fr_FR","og_type":"article","og_title":"Regjoint Spacer - QuaMedical Medische oplossingen voor de Chirurgie","og_url":"https:\/\/quamedical.nl\/fr\/chirurgie-de-la-main\/regjoint-spacer\/","og_site_name":"QuaMedical Medische oplossingen voor de Chirurgie","article_modified_time":"2024-11-08T08:44:14+00:00","og_image":[{"width":420,"height":420,"url":"https:\/\/quamedical.nl\/wp-content\/uploads\/2024\/10\/regjoint.jpg","type":"image\/jpeg"}],"twitter_card":"summary_large_image","twitter_misc":{"Dur\u00e9e de lecture estim\u00e9e":"1 minute"},"schema":{"@context":"https:\/\/schema.org","@graph":[{"@type":"WebPage","@id":"https:\/\/quamedical.nl\/fr\/chirurgie-de-la-main\/regjoint-spacer\/","url":"https:\/\/quamedical.nl\/fr\/chirurgie-de-la-main\/regjoint-spacer\/","name":"Regjoint Spacer - QuaMedical Medische oplossingen voor de Chirurgie","isPartOf":{"@id":"https:\/\/quamedical.nl\/#website"},"primaryImageOfPage":{"@id":"https:\/\/quamedical.nl\/fr\/chirurgie-de-la-main\/regjoint-spacer\/#primaryimage"},"image":{"@id":"https:\/\/quamedical.nl\/fr\/chirurgie-de-la-main\/regjoint-spacer\/#primaryimage"},"thumbnailUrl":"https:\/\/quamedical.nl\/wp-content\/uploads\/2024\/10\/regjoint.jpg","datePublished":"2024-10-31T08:21:50+00:00","dateModified":"2024-11-08T08:44:14+00:00","breadcrumb":{"@id":"https:\/\/quamedical.nl\/fr\/chirurgie-de-la-main\/regjoint-spacer\/#breadcrumb"},"inLanguage":"fr-FR","potentialAction":[{"@type":"ReadAction","target":["https:\/\/quamedical.nl\/fr\/chirurgie-de-la-main\/regjoint-spacer\/"]}]},{"@type":"ImageObject","inLanguage":"fr-FR","@id":"https:\/\/quamedical.nl\/fr\/chirurgie-de-la-main\/regjoint-spacer\/#primaryimage","url":"https:\/\/quamedical.nl\/wp-content\/uploads\/2024\/10\/regjoint.jpg","contentUrl":"https:\/\/quamedical.nl\/wp-content\/uploads\/2024\/10\/regjoint.jpg","width":420,"height":420},{"@type":"BreadcrumbList","@id":"https:\/\/quamedical.nl\/fr\/chirurgie-de-la-main\/regjoint-spacer\/#breadcrumb","itemListElement":[{"@type":"ListItem","position":1,"name":"Chirurgie de la Main","item":"https:\/\/quamedical.nl\/fr\/chirurgie-de-la-main\/"},{"@type":"ListItem","position":2,"name":"Regjoint Spacer"}]},{"@type":"WebSite","@id":"https:\/\/quamedical.nl\/#website","url":"https:\/\/quamedical.nl\/","name":"QuaMedical Medische oplossingen voor de Chirurgie","description":"","potentialAction":[{"@type":"SearchAction","target":{"@type":"EntryPoint","urlTemplate":"https:\/\/quamedical.nl\/?s={search_term_string}"},"query-input":{"@type":"PropertyValueSpecification","valueRequired":true,"valueName":"search_term_string"}}],"inLanguage":"fr-FR"}]}},"_links":{"self":[{"href":"https:\/\/quamedical.nl\/fr\/wp-json\/wp\/v2\/pages\/4091","targetHints":{"allow":["GET"]}}],"collection":[{"href":"https:\/\/quamedical.nl\/fr\/wp-json\/wp\/v2\/pages"}],"about":[{"href":"https:\/\/quamedical.nl\/fr\/wp-json\/wp\/v2\/types\/page"}],"author":[{"embeddable":true,"href":"https:\/\/quamedical.nl\/fr\/wp-json\/wp\/v2\/users\/1"}],"replies":[{"embeddable":true,"href":"https:\/\/quamedical.nl\/fr\/wp-json\/wp\/v2\/comments?post=4091"}],"version-history":[{"count":1,"href":"https:\/\/quamedical.nl\/fr\/wp-json\/wp\/v2\/pages\/4091\/revisions"}],"predecessor-version":[{"id":4092,"href":"https:\/\/quamedical.nl\/fr\/wp-json\/wp\/v2\/pages\/4091\/revisions\/4092"}],"up":[{"embeddable":true,"href":"https:\/\/quamedical.nl\/fr\/wp-json\/wp\/v2\/pages\/4050"}],"wp:featuredmedia":[{"embeddable":true,"href":"https:\/\/quamedical.nl\/fr\/wp-json\/wp\/v2\/media\/3837"}],"wp:attachment":[{"href":"https:\/\/quamedical.nl\/fr\/wp-json\/wp\/v2\/media?parent=4091"}],"curies":[{"name":"wp","href":"https:\/\/api.w.org\/{rel}","templated":true}]}}