{"id":402,"date":"2020-11-30T12:22:53","date_gmt":"2020-11-30T12:22:53","guid":{"rendered":"https:\/\/quamedical.nl\/contact\/"},"modified":"2022-09-28T13:26:27","modified_gmt":"2022-09-28T13:26:27","slug":"contact","status":"publish","type":"page","link":"https:\/\/quamedical.nl\/fr\/contact\/","title":{"rendered":"Contact"},"content":{"rendered":"\r\n\t<div class=\"img has-hover show-for-small x md-x lg-x y md-y lg-y\" id=\"image_886764083\">\n\t\t\t\t\t\t\t\t<div class=\"img-inner dark\" >\n\t\t\t<img loading=\"lazy\" decoding=\"async\" width=\"1020\" height=\"340\" src=\"https:\/\/quamedical.nl\/wp-content\/uploads\/2021\/03\/Headers-QUA-1.jpg\" class=\"attachment-large size-large\" alt=\"\" srcset=\"https:\/\/quamedical.nl\/wp-content\/uploads\/2021\/03\/Headers-QUA-1.jpg 1200w, https:\/\/quamedical.nl\/wp-content\/uploads\/2021\/03\/Headers-QUA-1-800x267.jpg 800w, https:\/\/quamedical.nl\/wp-content\/uploads\/2021\/03\/Headers-QUA-1-768x256.jpg 768w, https:\/\/quamedical.nl\/wp-content\/uploads\/2021\/03\/Headers-QUA-1-510x170.jpg 510w\" sizes=\"auto, (max-width: 1020px) 100vw, 1020px\" \/>\t\t\t\t\t\t\n\t\t\t\t\t<\/div>\n\t\t\t\t\t\t\t\t\n<style>\n#image_886764083 {\n  width: 100%;\n}\n<\/style>\n\t<\/div>\n\t\r\n\r\n\n  <div class=\"banner has-hover hide-for-small\" id=\"banner-1937273589\">\n          <div class=\"banner-inner fill\">\n        <div class=\"banner-bg fill\" >\n            <div class=\"bg fill bg-fill \"><\/div>\n                                    \n                    <\/div>\n\t\t\n        <div class=\"banner-layers container\">\n            <div class=\"fill banner-link\"><\/div>            \r\n\r\n   <div id=\"text-box-1463370933\" class=\"text-box banner-layer x50 md-x50 lg-x50 y50 md-y50 lg-y50 res-text\">\n                                <div class=\"text-box-content text dark\">\n              \n              <div class=\"text-inner text-center\">\n                  \r\n\r\n              <\/div>\n           <\/div>\n                            \n<style>\n#text-box-1463370933 {\n  width: 60%;\n}\n#text-box-1463370933 .text-box-content {\n  font-size: 100%;\n}\n@media (min-width:550px) {\n  #text-box-1463370933 {\n    width: 60%;\n  }\n}\n<\/style>\n    <\/div>\n \r\n\r\n        <\/div>\n      <\/div>\n\n            \n<style>\n#banner-1937273589 {\n  padding-top: 360px;\n}\n#banner-1937273589 .bg.bg-loaded {\n  background-image: url(https:\/\/quamedical.nl\/wp-content\/uploads\/2021\/03\/Headers-QUA-1.jpg);\n}\n#banner-1937273589 .bg {\n  background-position: 62% 13%;\n}\n<\/style>\n  <\/div>\n\n\r\n\t<section class=\"section\" id=\"section_1360057016\">\n\t\t<div class=\"bg section-bg fill bg-fill  bg-loaded\" >\n\n\t\t\t\n\t\t\t\n\t\t\t\n\n\t\t<\/div>\n\n\t\t\n\n\t\t<div class=\"section-content relative\">\n\t\t\t\r\n\r\n\t<div id=\"gap-491054134\" class=\"gap-element clearfix\" style=\"display:block; height:auto;\">\n\t\t\n<style>\n#gap-491054134 {\n  padding-top: 30px;\n}\n<\/style>\n\t<\/div>\n\t\r\n\r\n<div class=\"row\"  id=\"row-128605487\">\r\n\r\n\n\t<div id=\"col-1581322195\" class=\"col medium-8 small-12 large-8\"  >\n\t\t\t\t<div class=\"col-inner\"  >\n\t\t\t\n\t\t\t\r\n\r\n<div class=\"is-divider divider clearfix\" style=\"margin-top:0.3em;margin-bottom:0.3em;background-color:rgb(149, 23, 158);\"><\/div>\r\n<h2><span style=\"color: #000000;\"><strong>Posez votre<\/strong><\/span><\/h2>\r\nLes champs marqu\u00e9s * sout obligatoires.\r\n\r\n\n<div class=\"wpcf7 no-js\" id=\"wpcf7-f397-o1\" lang=\"nl-NL\" dir=\"ltr\" data-wpcf7-id=\"397\">\n<div class=\"screen-reader-response\"><p role=\"status\" aria-live=\"polite\" aria-atomic=\"true\"><\/p> <ul><\/ul><\/div>\n<form action=\"\/fr\/wp-json\/wp\/v2\/pages\/402#wpcf7-f397-o1\" method=\"post\" class=\"wpcf7-form init\" aria-label=\"Contactformulier\" novalidate=\"novalidate\" data-status=\"init\">\n<fieldset class=\"hidden-fields-container\"><input type=\"hidden\" name=\"_wpcf7\" value=\"397\" \/><input type=\"hidden\" name=\"_wpcf7_version\" value=\"6.1.5\" \/><input type=\"hidden\" name=\"_wpcf7_locale\" value=\"nl_NL\" \/><input type=\"hidden\" name=\"_wpcf7_unit_tag\" value=\"wpcf7-f397-o1\" \/><input type=\"hidden\" name=\"_wpcf7_container_post\" value=\"0\" \/><input type=\"hidden\" name=\"_wpcf7_posted_data_hash\" value=\"\" \/><input type=\"hidden\" name=\"_wpcf7_recaptcha_response\" value=\"\" \/>\n<\/fieldset>\n<p><label>Votre nom *<\/label><br \/>\n<span class=\"wpcf7-form-control-wrap\" data-name=\"your-name\"><input size=\"40\" maxlength=\"400\" class=\"wpcf7-form-control wpcf7-text wpcf7-validates-as-required\" aria-required=\"true\" aria-invalid=\"false\" value=\"\" type=\"text\" name=\"your-name\" \/><\/span>\n<\/p>\n<p><label>Votre num\u00e9ro de t\u00e9l\u00e9phone <\/label><br \/>\n<span class=\"wpcf7-form-control-wrap\" data-name=\"tel-147\"><input size=\"40\" maxlength=\"400\" class=\"wpcf7-form-control wpcf7-tel wpcf7-validates-as-required wpcf7-text wpcf7-validates-as-tel\" aria-required=\"true\" aria-invalid=\"false\" value=\"\" type=\"tel\" name=\"tel-147\" \/><\/span>\n<\/p>\n<p><label>Votre Email *<\/label><br \/>\n<span class=\"wpcf7-form-control-wrap\" data-name=\"your-email\"><input size=\"40\" maxlength=\"400\" class=\"wpcf7-form-control wpcf7-email wpcf7-validates-as-required wpcf7-text wpcf7-validates-as-email\" aria-required=\"true\" aria-invalid=\"false\" value=\"\" type=\"email\" name=\"your-email\" \/><\/span>\n<\/p>\n<p><label>Votre message *<\/label><br \/>\n<span class=\"wpcf7-form-control-wrap\" data-name=\"your-message\"><textarea cols=\"40\" rows=\"10\" maxlength=\"2000\" class=\"wpcf7-form-control wpcf7-textarea\" aria-invalid=\"false\" name=\"your-message\"><\/textarea><\/span>\n<\/p>\n<p><input class=\"wpcf7-form-control wpcf7-submit has-spinner button\" type=\"submit\" value=\"Soumettre\" \/>\n<\/p><p style=\"display: none !important;\" class=\"akismet-fields-container\" data-prefix=\"_wpcf7_ak_\"><label>&#916;<textarea name=\"_wpcf7_ak_hp_textarea\" cols=\"45\" rows=\"8\" maxlength=\"100\"><\/textarea><\/label><input type=\"hidden\" id=\"ak_js_1\" name=\"_wpcf7_ak_js\" value=\"167\"\/><script>document.getElementById( \"ak_js_1\" ).setAttribute( \"value\", ( new Date() ).getTime() );<\/script><\/p><div class=\"wpcf7-response-output\" aria-hidden=\"true\"><\/div>\n<\/form>\n<\/div>\n\r\n\r\n\t\t<\/div>\n\t\t\t\t\n<style>\n#col-1581322195 > .col-inner {\n  padding: 0px 50px 0px 0px;\n}\n<\/style>\n\t<\/div>\n\n\t\r\n\n\t<div id=\"col-508211712\" class=\"col medium-4 small-12 large-4\"  >\n\t\t\t\t<div class=\"col-inner\"  >\n\t\t\t\n\t\t\t\r\n\r\n<div class=\"is-divider divider clearfix\" style=\"margin-top:0.3em;margin-bottom:0.3em;background-color:rgb(149, 23, 158);\"><\/div>\r\n<h2><span style=\"color: #000000;\">Contact us<\/span><\/h2>\r\n<p><span style=\"font-size: 100%;\">QuaMedical BV<\/span><br>\r\n<span style=\"font-size: 100%;\">Linieweg 1<\/span><br>\r\n<span style=\"font-size: 100%;\">7921 VK Zuidwolde<\/span><br>\r\n<span style=\"font-size: 100%;\">Tel:<a href=\"tel: 085 7600244\"> 085 7600244<\/a><\/span><br>\r\n<span style=\"font-size: 100%;\">Email: <a href=\"mailto:info@quamedical.nl\" target=\"_blank\" rel=\"noopener\">info@quamedical.nl<\/a><\/span><\/p>\r\n<p>KvK:                       86423355<br>\r\nBTW-nr:               NL863962099B01<\/p>\r\n\r\n<div class=\"is-divider divider clearfix\" style=\"margin-top:0.3em;margin-bottom:0.3em;background-color:rgb(149, 23, 158);\"><\/div>\r\n\r\n\t<div id=\"gap-1289334069\" class=\"gap-element clearfix\" style=\"display:block; height:auto;\">\n\t\t\n<style>\n#gap-1289334069 {\n  padding-top: 30px;\n}\n<\/style>\n\t<\/div>\n\t\r\n\r\n\t<div class=\"img has-hover x md-x lg-x y md-y lg-y\" id=\"image_433272862\">\n\t\t\t\t\t\t\t\t<div class=\"img-inner dark\" >\n\t\t\t<img loading=\"lazy\" decoding=\"async\" width=\"1020\" height=\"345\" src=\"https:\/\/quamedical.nl\/wp-content\/uploads\/2021\/03\/logo-qua-1400x474.png\" class=\"attachment-large size-large\" alt=\"\" srcset=\"https:\/\/quamedical.nl\/wp-content\/uploads\/2021\/03\/logo-qua-1400x474.png 1400w, https:\/\/quamedical.nl\/wp-content\/uploads\/2021\/03\/logo-qua-800x271.png 800w, https:\/\/quamedical.nl\/wp-content\/uploads\/2021\/03\/logo-qua-768x260.png 768w, https:\/\/quamedical.nl\/wp-content\/uploads\/2021\/03\/logo-qua-1536x520.png 1536w, https:\/\/quamedical.nl\/wp-content\/uploads\/2021\/03\/logo-qua-510x173.png 510w, https:\/\/quamedical.nl\/wp-content\/uploads\/2021\/03\/logo-qua.png 1634w\" sizes=\"auto, (max-width: 1020px) 100vw, 1020px\" \/>\t\t\t\t\t\t\n\t\t\t\t\t<\/div>\n\t\t\t\t\t\t\t\t\n<style>\n#image_433272862 {\n  width: 60%;\n}\n<\/style>\n\t<\/div>\n\t\r\n\r\n\t\t<\/div>\n\t\t\t\t\t<\/div>\n\n\t\r\n\r\n<\/div>\r\n\r\n\t\t<\/div>\n\n\t\t\n<style>\n#section_1360057016 {\n  padding-top: 30px;\n  padding-bottom: 30px;\n  margin-bottom: -29px;\n  background-color: rgb(255, 255, 255);\n}\n<\/style>\n\t<\/section>\n\t\r\n","protected":false},"excerpt":{"rendered":"","protected":false},"author":1,"featured_media":0,"parent":0,"menu_order":0,"comment_status":"closed","ping_status":"closed","template":"page-blank.php","meta":{"footnotes":""},"class_list":["post-402","page","type-page","status-publish","hentry"],"yoast_head":"<!-- This site is optimized with the Yoast SEO plugin v27.2 - https:\/\/yoast.com\/product\/yoast-seo-wordpress\/ -->\n<title>Contact - QuaMedical Medische oplossingen voor de Chirurgie<\/title>\n<meta name=\"robots\" content=\"index, follow, max-snippet:-1, max-image-preview:large, max-video-preview:-1\" \/>\n<link rel=\"canonical\" href=\"https:\/\/quamedical.nl\/fr\/contact\/\" \/>\n<meta property=\"og:locale\" content=\"fr_FR\" \/>\n<meta property=\"og:type\" content=\"article\" \/>\n<meta property=\"og:title\" content=\"Contact - QuaMedical Medische oplossingen voor de Chirurgie\" \/>\n<meta property=\"og:url\" content=\"https:\/\/quamedical.nl\/fr\/contact\/\" \/>\n<meta property=\"og:site_name\" content=\"QuaMedical Medische oplossingen voor de Chirurgie\" \/>\n<meta property=\"article:modified_time\" content=\"2022-09-28T13:26:27+00:00\" \/>\n<meta name=\"twitter:card\" content=\"summary_large_image\" \/>\n<meta name=\"twitter:label1\" content=\"Dur\u00e9e de lecture estim\u00e9e\" \/>\n\t<meta name=\"twitter:data1\" content=\"1 minute\" \/>\n<script type=\"application\/ld+json\" class=\"yoast-schema-graph\">{\"@context\":\"https:\/\/schema.org\",\"@graph\":[{\"@type\":\"WebPage\",\"@id\":\"https:\/\/quamedical.nl\/fr\/contact\/\",\"url\":\"https:\/\/quamedical.nl\/fr\/contact\/\",\"name\":\"Contact - QuaMedical Medische oplossingen voor de Chirurgie\",\"isPartOf\":{\"@id\":\"https:\/\/quamedical.nl\/#website\"},\"datePublished\":\"2020-11-30T12:22:53+00:00\",\"dateModified\":\"2022-09-28T13:26:27+00:00\",\"inLanguage\":\"fr-FR\",\"potentialAction\":[{\"@type\":\"ReadAction\",\"target\":[\"https:\/\/quamedical.nl\/fr\/contact\/\"]}]},{\"@type\":\"WebSite\",\"@id\":\"https:\/\/quamedical.nl\/#website\",\"url\":\"https:\/\/quamedical.nl\/\",\"name\":\"QuaMedical Medische oplossingen voor de Chirurgie\",\"description\":\"\",\"potentialAction\":[{\"@type\":\"SearchAction\",\"target\":{\"@type\":\"EntryPoint\",\"urlTemplate\":\"https:\/\/quamedical.nl\/?s={search_term_string}\"},\"query-input\":{\"@type\":\"PropertyValueSpecification\",\"valueRequired\":true,\"valueName\":\"search_term_string\"}}],\"inLanguage\":\"fr-FR\"}]}<\/script>\n<!-- \/ Yoast SEO plugin. -->","yoast_head_json":{"title":"Contact - QuaMedical Medische oplossingen voor de Chirurgie","robots":{"index":"index","follow":"follow","max-snippet":"max-snippet:-1","max-image-preview":"max-image-preview:large","max-video-preview":"max-video-preview:-1"},"canonical":"https:\/\/quamedical.nl\/fr\/contact\/","og_locale":"fr_FR","og_type":"article","og_title":"Contact - QuaMedical Medische oplossingen voor de Chirurgie","og_url":"https:\/\/quamedical.nl\/fr\/contact\/","og_site_name":"QuaMedical Medische oplossingen voor de Chirurgie","article_modified_time":"2022-09-28T13:26:27+00:00","twitter_card":"summary_large_image","twitter_misc":{"Dur\u00e9e de lecture estim\u00e9e":"1 minute"},"schema":{"@context":"https:\/\/schema.org","@graph":[{"@type":"WebPage","@id":"https:\/\/quamedical.nl\/fr\/contact\/","url":"https:\/\/quamedical.nl\/fr\/contact\/","name":"Contact - QuaMedical Medische oplossingen voor de Chirurgie","isPartOf":{"@id":"https:\/\/quamedical.nl\/#website"},"datePublished":"2020-11-30T12:22:53+00:00","dateModified":"2022-09-28T13:26:27+00:00","inLanguage":"fr-FR","potentialAction":[{"@type":"ReadAction","target":["https:\/\/quamedical.nl\/fr\/contact\/"]}]},{"@type":"WebSite","@id":"https:\/\/quamedical.nl\/#website","url":"https:\/\/quamedical.nl\/","name":"QuaMedical Medische oplossingen voor de Chirurgie","description":"","potentialAction":[{"@type":"SearchAction","target":{"@type":"EntryPoint","urlTemplate":"https:\/\/quamedical.nl\/?s={search_term_string}"},"query-input":{"@type":"PropertyValueSpecification","valueRequired":true,"valueName":"search_term_string"}}],"inLanguage":"fr-FR"}]}},"_links":{"self":[{"href":"https:\/\/quamedical.nl\/fr\/wp-json\/wp\/v2\/pages\/402","targetHints":{"allow":["GET"]}}],"collection":[{"href":"https:\/\/quamedical.nl\/fr\/wp-json\/wp\/v2\/pages"}],"about":[{"href":"https:\/\/quamedical.nl\/fr\/wp-json\/wp\/v2\/types\/page"}],"author":[{"embeddable":true,"href":"https:\/\/quamedical.nl\/fr\/wp-json\/wp\/v2\/users\/1"}],"replies":[{"embeddable":true,"href":"https:\/\/quamedical.nl\/fr\/wp-json\/wp\/v2\/comments?post=402"}],"version-history":[{"count":5,"href":"https:\/\/quamedical.nl\/fr\/wp-json\/wp\/v2\/pages\/402\/revisions"}],"predecessor-version":[{"id":3399,"href":"https:\/\/quamedical.nl\/fr\/wp-json\/wp\/v2\/pages\/402\/revisions\/3399"}],"wp:attachment":[{"href":"https:\/\/quamedical.nl\/fr\/wp-json\/wp\/v2\/media?parent=402"}],"curies":[{"name":"wp","href":"https:\/\/api.w.org\/{rel}","templated":true}]}}