{"id":3340,"date":"2023-09-28T11:04:32","date_gmt":"2023-09-28T11:04:32","guid":{"rendered":"https:\/\/quamedical.nl\/?page_id=3340"},"modified":"2023-09-28T11:05:33","modified_gmt":"2023-09-28T11:05:33","slug":"strim-canules","status":"publish","type":"page","link":"https:\/\/quamedical.nl\/fr\/lipofilling\/strim-canules\/","title":{"rendered":"Strim Canules"},"content":{"rendered":"\t<div class=\"img has-hover show-for-small x md-x lg-x y md-y lg-y\" id=\"image_2034827333\">\n\t\t\t\t\t\t\t\t<div class=\"img-inner dark\" >\n\t\t\t<img loading=\"lazy\" decoding=\"async\" width=\"1200\" height=\"400\" src=\"https:\/\/quamedical.nl\/wp-content\/uploads\/2022\/02\/headers-klein2.jpg\" class=\"attachment-original size-original\" alt=\"\" srcset=\"https:\/\/quamedical.nl\/wp-content\/uploads\/2022\/02\/headers-klein2.jpg 1200w, https:\/\/quamedical.nl\/wp-content\/uploads\/2022\/02\/headers-klein2-800x267.jpg 800w, https:\/\/quamedical.nl\/wp-content\/uploads\/2022\/02\/headers-klein2-768x256.jpg 768w\" sizes=\"auto, (max-width: 1200px) 100vw, 1200px\" \/>\t\t\t\t\t\t\n\t\t\t\t\t<\/div>\n\t\t\t\t\t\t\t\t\n<style>\n#image_2034827333 {\n  width: 100%;\n}\n<\/style>\n\t<\/div>\n\t\n\n\t<div class=\"img has-hover hide-for-small x md-x lg-x y md-y lg-y\" id=\"image_828287337\">\n\t\t\t\t\t\t\t\t<div class=\"img-inner dark\" >\n\t\t\t<img loading=\"lazy\" decoding=\"async\" width=\"1020\" height=\"340\" src=\"https:\/\/quamedical.nl\/wp-content\/uploads\/2022\/02\/headers-klein2.jpg\" class=\"attachment-large size-large\" alt=\"\" srcset=\"https:\/\/quamedical.nl\/wp-content\/uploads\/2022\/02\/headers-klein2.jpg 1200w, https:\/\/quamedical.nl\/wp-content\/uploads\/2022\/02\/headers-klein2-800x267.jpg 800w, https:\/\/quamedical.nl\/wp-content\/uploads\/2022\/02\/headers-klein2-768x256.jpg 768w\" sizes=\"auto, (max-width: 1020px) 100vw, 1020px\" \/>\t\t\t\t\t\t\n\t\t\t\t\t<\/div>\n\t\t\t\t\t\t\t\t\n<style>\n#image_828287337 {\n  width: 100%;\n}\n<\/style>\n\t<\/div>\n\t\n\n\t<div id=\"gap-1672091355\" class=\"gap-element clearfix\" style=\"display:block; height:auto;\">\n\t\t\n<style>\n#gap-1672091355 {\n  padding-top: 30px;\n}\n<\/style>\n\t<\/div>\n\t\n\n<div class=\"row\"  id=\"row-1305641662\">\n\n\n\t<div id=\"col-304708412\" class=\"col medium-7 small-12 large-7\"  >\n\t\t\t\t<div class=\"col-inner\"  >\n\t\t\t\n\t\t\t\n\n<h1><span style=\"color: #000000;\"><strong>STRIM CANULES\u00a0<\/strong><\/span><\/h1>\n<p>Canules jetables<\/p>\n<p>Le lipofilling est une technique chirurgicale avanc\u00e9e. Il permet d'utiliser la graisse du patient pr\u00e9lev\u00e9e par liposuccion conventionnelle, dans le but de la r\u00e9injecter \u00e0 un autre endroit du corps, pour combler ou cr\u00e9er du volume. On r\u00e9alise ainsi une v\u00e9ritable autotransplantation de cellules graisseuses, en r\u00e9injectant la propre graisse du patient.<\/p>\n<p>Strim Health Care propose tous les dispositifs m\u00e9dicaux permettant le transfert de graisse, nous proposons notamment des canules de liposuccion et d'infiltration pour la chirurgie plastique et reconstructive.<\/p>\n<p><a href=\"https:\/\/strimhealthcare.com\/products\/dermo-adipose-tissue\/\">Voir la gamme de produits<\/a><\/p>\n\n\n\t\t<\/div>\n\t\t\t\t\t<\/div>\n\n\t\n\n\t<div id=\"col-1468185995\" class=\"col medium-5 small-12 large-5\"  >\n\t\t\t\t<div class=\"col-inner text-center\"  >\n\t\t\t\n\t\t\t\n\n\t<div class=\"img has-hover x md-x lg-x y md-y lg-y\" id=\"image_1420458656\">\n\t\t<a class=\"image-lightbox lightbox-gallery\" title=\"\" href=\"https:\/\/quamedical.nl\/wp-content\/uploads\/2022\/02\/product-afbeelding.jpg\">\t\t\t\t<div data-animate=\"fadeInRight\">\t\t<div class=\"img-inner dark\" >\n\t\t\t<img loading=\"lazy\" decoding=\"async\" width=\"800\" height=\"800\" src=\"https:\/\/quamedical.nl\/wp-content\/uploads\/2022\/02\/product-afbeelding.jpg\" class=\"attachment-original size-original\" alt=\"\" srcset=\"https:\/\/quamedical.nl\/wp-content\/uploads\/2022\/02\/product-afbeelding.jpg 800w, https:\/\/quamedical.nl\/wp-content\/uploads\/2022\/02\/product-afbeelding-400x400.jpg 400w, https:\/\/quamedical.nl\/wp-content\/uploads\/2022\/02\/product-afbeelding-280x280.jpg 280w, https:\/\/quamedical.nl\/wp-content\/uploads\/2022\/02\/product-afbeelding-768x768.jpg 768w\" sizes=\"auto, (max-width: 800px) 100vw, 800px\" \/>\t\t\t\t\t\t\n\t\t\t\t\t<\/div>\n\t\t<\/div>\t\t\t\t<\/a>\t\t\n<style>\n#image_1420458656 {\n  width: 100%;\n}\n<\/style>\n\t<\/div>\n\t\n\n\n\t\t<\/div>\n\t\t\t\t\t<\/div>\n\n\t\n\n<\/div>\n<div class=\"row\"  id=\"row-1464315287\">\n\n\n\t<div id=\"col-819958246\" class=\"col small-12 large-12\"  >\n\t\t\t\t<div class=\"col-inner\"  >\n\t\t\t\n\t\t\t\n\n\n\t\t<div class=\"tabbed-content\">\n\t\t\t<h4 class=\"uppercase text-left\">Strim Canules<\/h4>\n\t\t\t<ul class=\"nav nav-pills nav-vertical nav-normal nav-size-large nav-left\" role=\"tablist\"><li id=\"tab-1856199386\" class=\"tab active has-icon\" role=\"presentation\"><a href=\"#tab_1856199386\" role=\"tab\" aria-selected=\"true\" aria-controls=\"tab_1856199386\"><span><\/span><\/a><\/li>\n<li id=\"tab-images\" class=\"tab has-icon\" role=\"presentation\"><a href=\"#tab_images\" tabindex=\"-1\" role=\"tab\" aria-selected=\"false\" aria-controls=\"tab_images\"><span>Images<\/span><\/a><\/li>\n<li id=\"tab-t\u00e9l\u00e9chargements\" class=\"tab has-icon\" role=\"presentation\"><a href=\"#tab_t\u00e9l\u00e9chargements\" tabindex=\"-1\" role=\"tab\" aria-selected=\"false\" aria-controls=\"tab_t\u00e9l\u00e9chargements\"><span>T\u00e9l\u00e9chargements<\/span><\/a><\/li><\/ul><div class=\"tab-panels\"><div id=\"tab_1856199386\" class=\"panel active entry-content\" role=\"tabpanel\" aria-labelledby=\"tab-1856199386\">\n\n<div class=\"row\"  id=\"row-770476535\">\n\n\n\t<div id=\"col-282422640\" class=\"col medium-9 small-12 large-9\"  >\n\t\t\t\t<div class=\"col-inner\"  >\n\t\t\t\n\t\t\t\n\n\n\t\t<\/div>\n\t\t\t\t\t<\/div>\n\n\t\n\n\t<div id=\"col-248231492\" class=\"col medium-3 small-12 large-3\"  >\n\t\t\t\t<div class=\"col-inner\"  >\n\t\t\t\n\t\t\t\n\n\n\t\t<\/div>\n\t\t\t\t\t<\/div>\n\n\t\n\n<\/div>\n\n<\/div>\n<div id=\"tab_images\" class=\"panel entry-content\" role=\"tabpanel\" aria-labelledby=\"tab-images\">\n\n<div class=\"row\"  id=\"row-1146479107\">\n\n\n\t<div id=\"col-1149106477\" class=\"col medium-9 small-12 large-9\"  >\n\t\t\t\t<div class=\"col-inner\"  >\n\t\t\t\n\t\t\t\n\n\n  \n    <div class=\"row large-columns-4 medium-columns-3 small-columns-2\" >\n  <div class=\"gallery-col col\" >\n          <div class=\"col-inner\">\n            <a class=\"image-lightbox lightbox-gallery\" href=\"https:\/\/quamedical.nl\/wp-content\/uploads\/2022\/02\/product-afbeelding.jpg\" title=\"\">            <div class=\"box has-hover gallery-box box-shade dark\">\n              <div class=\"box-image image-cover\" style=\"padding-top:100%;\">\n                <img loading=\"lazy\" decoding=\"async\" width=\"400\" height=\"400\" src=\"https:\/\/quamedical.nl\/wp-content\/uploads\/2022\/02\/product-afbeelding-400x400.jpg\" class=\"attachment-medium size-medium\" alt=\"\" ids=\"3356\" style=\"shade\" image_height=\"100%\" srcset=\"https:\/\/quamedical.nl\/wp-content\/uploads\/2022\/02\/product-afbeelding-400x400.jpg 400w, https:\/\/quamedical.nl\/wp-content\/uploads\/2022\/02\/product-afbeelding-280x280.jpg 280w, https:\/\/quamedical.nl\/wp-content\/uploads\/2022\/02\/product-afbeelding-768x768.jpg 768w, https:\/\/quamedical.nl\/wp-content\/uploads\/2022\/02\/product-afbeelding.jpg 800w\" sizes=\"auto, (max-width: 400px) 100vw, 400px\" \/>                                                  <div class=\"shade\"><\/div>\n                                              <\/div>\n              <div class=\"box-text text-left\" >\n                 <p><\/p>\n              <\/div>\n            <\/div>\n            <\/a>          <\/div>\n         <\/div><\/div>\n\n<div class=\"row\"  id=\"row-1233398024\">\n\n\n\t<div id=\"col-1962454405\" class=\"col medium-9 small-12 large-9\"  >\n\t\t\t\t<div class=\"col-inner\"  >\n\t\t\t\n\t\t\t\n\n\n\t\t<\/div>\n\t\t\t\t\t<\/div>\n\n\t\n\n<\/div>\n\n\t\t<\/div>\n\t\t\t\t\t<\/div>\n\n\t\n\n<\/div>\n\n<\/div>\n<div id=\"tab_t\u00e9l\u00e9chargements\" class=\"panel entry-content\" role=\"tabpanel\" aria-labelledby=\"tab-t\u00e9l\u00e9chargements\">\n\n<div class=\"row\"  id=\"row-960797132\">\n\n\n\t<div id=\"col-826569258\" class=\"col medium-5 small-12 large-5\"  >\n\t\t\t\t<div class=\"col-inner\"  >\n\t\t\t\n\t\t\t\n\n<p>Brochure Micro Strim<\/p>\n\t<div id=\"text-1574339815\" class=\"text\">\n\t\t\n\n\n\t\t\n<style>\n#text-1574339815 {\n  font-size: 1rem;\n}\n<\/style>\n\t<\/div>\n\t\n\n\t\t<\/div>\n\t\t\t\t\t<\/div>\n\n\t\n\n\t<div id=\"col-965178671\" class=\"col medium-4 small-12 large-4\"  >\n\t\t\t\t<div class=\"col-inner\"  >\n\t\t\t\n\t\t\t\n\n<a href=\"\/documenten\/lipofilling\/strimcanule\/Brochure_Micro_Strim.pdf\" class=\"button primary is-small\"  >\n    <span>Download brochure<\/span>\n  <\/a>\n\n\n\n\t\t<\/div>\n\t\t\t\t\t<\/div>\n\n\t\n\n<\/div>\n<div class=\"row\"  id=\"row-1780513320\">\n\n\n\t<div id=\"col-970828676\" class=\"col medium-5 small-12 large-5\"  >\n\t\t\t\t<div class=\"col-inner\"  >\n\t\t\t\n\t\t\t\n\n<p>Brochure Macro Strim<\/p>\n\t<div id=\"text-3111860376\" class=\"text\">\n\t\t\n\n\n\t\t\n<style>\n#text-3111860376 {\n  font-size: 1rem;\n}\n<\/style>\n\t<\/div>\n\t\n\n\t\t<\/div>\n\t\t\t\t\t<\/div>\n\n\t\n\n\t<div id=\"col-908552308\" class=\"col medium-4 small-12 large-4\"  >\n\t\t\t\t<div class=\"col-inner\"  >\n\t\t\t\n\t\t\t\n\n<a href=\"\/documenten\/lipofilling\/strimcanule\/MACRO_STRIM.PC.EN(NOV21)_2pages.pdf\" class=\"button primary is-small\"  >\n    <span>Download brochure<\/span>\n  <\/a>\n\n\n\n\t\t<\/div>\n\t\t\t\t\t<\/div>\n\n\t\n\n<\/div>\n<div class=\"row\"  id=\"row-328922363\">\n\n\n\t<div id=\"col-249768822\" class=\"col medium-5 small-12 large-5\"  >\n\t\t\t\t<div class=\"col-inner\"  >\n\t\t\t\n\t\t\t\n\n<p>Beestrim PUB A september 2021<\/p>\n\t<div id=\"text-52334053\" class=\"text\">\n\t\t\n\n\n\t\t\n<style>\n#text-52334053 {\n  font-size: 1rem;\n}\n<\/style>\n\t<\/div>\n\t\n\n\t\t<\/div>\n\t\t\t\t\t<\/div>\n\n\t\n\n\t<div id=\"col-822215383\" class=\"col medium-4 small-12 large-4\"  >\n\t\t\t\t<div class=\"col-inner\"  >\n\t\t\t\n\t\t\t\n\n<a href=\"\/documenten\/lipofilling\/strimcanule\/BEESTRIM_PUB_EN_A_1(SEP2021).pdf\" class=\"button primary is-small\"  >\n    <span>Download brochure<\/span>\n  <\/a>\n\n\n\n\t\t<\/div>\n\t\t\t\t\t<\/div>\n\n\t\n\n<\/div>\n\n<\/div><\/div><\/div>\n<div class=\"row\"  id=\"row-1370246291\">\n\n\n\t<div id=\"col-779672531\" class=\"col medium-4 small-12 large-4\"  >\n\t\t\t\t<div class=\"col-inner\"  >\n\t\t\t\n\t\t\t\n\n\t<div class=\"img has-hover x md-x lg-x y md-y lg-y\" id=\"image_1418657364\">\n\t\t\t\t\t\t\t\t<div class=\"img-inner dark\" >\n\t\t\t<img loading=\"lazy\" decoding=\"async\" width=\"800\" height=\"800\" src=\"https:\/\/quamedical.nl\/wp-content\/uploads\/2022\/02\/BE_ESTRIM_LOGO_Small-800x800.jpg\" class=\"attachment-large size-large\" alt=\"\" srcset=\"https:\/\/quamedical.nl\/wp-content\/uploads\/2022\/02\/BE_ESTRIM_LOGO_Small-800x800.jpg 800w, https:\/\/quamedical.nl\/wp-content\/uploads\/2022\/02\/BE_ESTRIM_LOGO_Small-400x400.jpg 400w, https:\/\/quamedical.nl\/wp-content\/uploads\/2022\/02\/BE_ESTRIM_LOGO_Small-280x280.jpg 280w, https:\/\/quamedical.nl\/wp-content\/uploads\/2022\/02\/BE_ESTRIM_LOGO_Small-768x768.jpg 768w, https:\/\/quamedical.nl\/wp-content\/uploads\/2022\/02\/BE_ESTRIM_LOGO_Small.jpg 1240w\" sizes=\"auto, (max-width: 800px) 100vw, 800px\" \/>\t\t\t\t\t\t\n\t\t\t\t\t<\/div>\n\t\t\t\t\t\t\t\t\n<style>\n#image_1418657364 {\n  width: 44%;\n}\n<\/style>\n\t<\/div>\n\t\n\n\n\t\t<\/div>\n\t\t\t\t\t<\/div>\n\n\t\n\n\t<div id=\"col-1300376655\" class=\"col medium-4 small-12 large-4\"  >\n\t\t\t\t<div class=\"col-inner\"  >\n\t\t\t\n\t\t\t\n\n\n\t\t<\/div>\n\t\t\t\t\t<\/div>\n\n\t\n\n\t<div id=\"col-1109957831\" class=\"col medium-4 small-12 large-4\"  >\n\t\t\t\t<div class=\"col-inner\"  >\n\t\t\t\n\t\t\t\n\n\n\t\t<\/div>\n\t\t\t\t\t<\/div>\n\n\t\n\n<\/div>\n\n\t\t<\/div>\n\t\t\t\t\t<\/div>\n\n\t\n\n<\/div>\n<div class=\"row\"  id=\"row-480518277\">\n\n\n\t<div id=\"col-1813740783\" class=\"col small-12 large-12\"  >\n\t\t\t\t<div class=\"col-inner\"  >\n\t\t\t\n\t\t\t\n\n\n  \n    <div class=\"row large-columns-6 medium-columns-3 small-columns-2 has-shadow row-box-shadow-3 row-box-shadow-3-hover\" >\n  <div class=\"page-col col\" data-animate=\"fadeInRight\">\n          <div class=\"col-inner\" >\n          <a class=\"block plain\" href=\"https:\/\/quamedical.nl\/fr\/lipofilling\/filtron\/\" title=\"Filtron\" target=\"\">\n            <div class=\"page-box box has-hover\">\n                  <div class=\"box-image\" >\n                      <div class=\"box-image image-zoom-long image-cover\" style=\"padding-top:100%;\">\n                      <img loading=\"lazy\" decoding=\"async\" width=\"724\" height=\"400\" src=\"https:\/\/quamedical.nl\/wp-content\/uploads\/2021\/03\/Lipofilling_documentaire-724x400.jpg\" class=\"attachment-medium size-medium\" alt=\"\" srcset=\"https:\/\/quamedical.nl\/wp-content\/uploads\/2021\/03\/Lipofilling_documentaire-724x400.jpg 724w, https:\/\/quamedical.nl\/wp-content\/uploads\/2021\/03\/Lipofilling_documentaire-768x424.jpg 768w, https:\/\/quamedical.nl\/wp-content\/uploads\/2021\/03\/Lipofilling_documentaire-510x282.jpg 510w, https:\/\/quamedical.nl\/wp-content\/uploads\/2021\/03\/Lipofilling_documentaire.jpg 836w\" sizes=\"auto, (max-width: 724px) 100vw, 724px\" \/>                      <\/div>\n                                                              <\/div>\n                  <div class=\"box-text text-center dark\" style=\"background-color:rgb(88, 44, 131);\">\n                        <div class=\"box-text-inner\">\n                            <p>Filtron<\/p>\n                        <\/div>\n                  <\/div>\n              <\/div>\n            <\/a>\n            <\/div>\n          <\/div><div class=\"page-col col\" data-animate=\"fadeInRight\">\n          <div class=\"col-inner\" >\n          <a class=\"block plain\" href=\"https:\/\/quamedical.nl\/fr\/lipofilling\/strim-canules\/\" title=\"Strim Canules\" target=\"\">\n            <div class=\"page-box box has-hover\">\n                  <div class=\"box-image\" >\n                      <div class=\"box-image image-zoom-long image-cover\" style=\"padding-top:100%;\">\n                      <img loading=\"lazy\" decoding=\"async\" width=\"400\" height=\"400\" src=\"https:\/\/quamedical.nl\/wp-content\/uploads\/2022\/02\/product-afbeelding-400x400.jpg\" class=\"attachment-medium size-medium\" alt=\"\" srcset=\"https:\/\/quamedical.nl\/wp-content\/uploads\/2022\/02\/product-afbeelding-400x400.jpg 400w, https:\/\/quamedical.nl\/wp-content\/uploads\/2022\/02\/product-afbeelding-280x280.jpg 280w, https:\/\/quamedical.nl\/wp-content\/uploads\/2022\/02\/product-afbeelding-768x768.jpg 768w, https:\/\/quamedical.nl\/wp-content\/uploads\/2022\/02\/product-afbeelding.jpg 800w\" sizes=\"auto, (max-width: 400px) 100vw, 400px\" \/>                      <\/div>\n                                                              <\/div>\n                  <div class=\"box-text text-center dark\" style=\"background-color:rgb(88, 44, 131);\">\n                        <div class=\"box-text-inner\">\n                            <p>Strim Canules<\/p>\n                        <\/div>\n                  <\/div>\n              <\/div>\n            <\/a>\n            <\/div>\n          <\/div><\/div>\n\n\n\t\t<\/div>\n\t\t\t\t\t<\/div>\n\n\t\n\n<\/div>\n","protected":false},"excerpt":{"rendered":"","protected":false},"author":1,"featured_media":3356,"parent":1730,"menu_order":2,"comment_status":"closed","ping_status":"closed","template":"page-blank.php","meta":{"footnotes":""},"class_list":["post-3340","page","type-page","status-publish","has-post-thumbnail","hentry"],"yoast_head":"<!-- This site is optimized with the Yoast SEO plugin v27.2 - https:\/\/yoast.com\/product\/yoast-seo-wordpress\/ -->\n<title>Strim Canules - QuaMedical Medische oplossingen voor de Chirurgie<\/title>\n<meta name=\"robots\" content=\"index, follow, max-snippet:-1, max-image-preview:large, max-video-preview:-1\" \/>\n<link rel=\"canonical\" href=\"https:\/\/quamedical.nl\/fr\/lipofilling\/strim-canules\/\" \/>\n<meta property=\"og:locale\" content=\"fr_FR\" \/>\n<meta property=\"og:type\" content=\"article\" \/>\n<meta property=\"og:title\" content=\"Strim Canules - QuaMedical Medische oplossingen voor de Chirurgie\" \/>\n<meta property=\"og:url\" content=\"https:\/\/quamedical.nl\/fr\/lipofilling\/strim-canules\/\" \/>\n<meta property=\"og:site_name\" content=\"QuaMedical Medische oplossingen voor de Chirurgie\" \/>\n<meta property=\"article:modified_time\" content=\"2023-09-28T11:05:33+00:00\" \/>\n<meta property=\"og:image\" content=\"https:\/\/quamedical.nl\/wp-content\/uploads\/2022\/02\/product-afbeelding.jpg\" \/>\n\t<meta property=\"og:image:width\" content=\"800\" \/>\n\t<meta property=\"og:image:height\" content=\"800\" \/>\n\t<meta property=\"og:image:type\" content=\"image\/jpeg\" \/>\n<meta name=\"twitter:card\" content=\"summary_large_image\" \/>\n<meta name=\"twitter:label1\" content=\"Dur\u00e9e de lecture estim\u00e9e\" \/>\n\t<meta name=\"twitter:data1\" content=\"1 minute\" \/>\n<script type=\"application\/ld+json\" class=\"yoast-schema-graph\">{\"@context\":\"https:\/\/schema.org\",\"@graph\":[{\"@type\":\"WebPage\",\"@id\":\"https:\/\/quamedical.nl\/fr\/lipofilling\/strim-canules\/\",\"url\":\"https:\/\/quamedical.nl\/fr\/lipofilling\/strim-canules\/\",\"name\":\"Strim Canules - QuaMedical Medische oplossingen voor de Chirurgie\",\"isPartOf\":{\"@id\":\"https:\/\/quamedical.nl\/#website\"},\"primaryImageOfPage\":{\"@id\":\"https:\/\/quamedical.nl\/fr\/lipofilling\/strim-canules\/#primaryimage\"},\"image\":{\"@id\":\"https:\/\/quamedical.nl\/fr\/lipofilling\/strim-canules\/#primaryimage\"},\"thumbnailUrl\":\"https:\/\/quamedical.nl\/wp-content\/uploads\/2022\/02\/product-afbeelding.jpg\",\"datePublished\":\"2023-09-28T11:04:32+00:00\",\"dateModified\":\"2023-09-28T11:05:33+00:00\",\"breadcrumb\":{\"@id\":\"https:\/\/quamedical.nl\/fr\/lipofilling\/strim-canules\/#breadcrumb\"},\"inLanguage\":\"fr-FR\",\"potentialAction\":[{\"@type\":\"ReadAction\",\"target\":[\"https:\/\/quamedical.nl\/fr\/lipofilling\/strim-canules\/\"]}]},{\"@type\":\"ImageObject\",\"inLanguage\":\"fr-FR\",\"@id\":\"https:\/\/quamedical.nl\/fr\/lipofilling\/strim-canules\/#primaryimage\",\"url\":\"https:\/\/quamedical.nl\/wp-content\/uploads\/2022\/02\/product-afbeelding.jpg\",\"contentUrl\":\"https:\/\/quamedical.nl\/wp-content\/uploads\/2022\/02\/product-afbeelding.jpg\",\"width\":800,\"height\":800},{\"@type\":\"BreadcrumbList\",\"@id\":\"https:\/\/quamedical.nl\/fr\/lipofilling\/strim-canules\/#breadcrumb\",\"itemListElement\":[{\"@type\":\"ListItem\",\"position\":1,\"name\":\"Lipofilling\",\"item\":\"https:\/\/quamedical.nl\/fr\/lipofilling\/\"},{\"@type\":\"ListItem\",\"position\":2,\"name\":\"Strim Canules\"}]},{\"@type\":\"WebSite\",\"@id\":\"https:\/\/quamedical.nl\/#website\",\"url\":\"https:\/\/quamedical.nl\/\",\"name\":\"QuaMedical Medische oplossingen voor de Chirurgie\",\"description\":\"\",\"potentialAction\":[{\"@type\":\"SearchAction\",\"target\":{\"@type\":\"EntryPoint\",\"urlTemplate\":\"https:\/\/quamedical.nl\/?s={search_term_string}\"},\"query-input\":{\"@type\":\"PropertyValueSpecification\",\"valueRequired\":true,\"valueName\":\"search_term_string\"}}],\"inLanguage\":\"fr-FR\"}]}<\/script>\n<!-- \/ Yoast SEO plugin. -->","yoast_head_json":{"title":"Strim Canules - QuaMedical Medische oplossingen voor de Chirurgie","robots":{"index":"index","follow":"follow","max-snippet":"max-snippet:-1","max-image-preview":"max-image-preview:large","max-video-preview":"max-video-preview:-1"},"canonical":"https:\/\/quamedical.nl\/fr\/lipofilling\/strim-canules\/","og_locale":"fr_FR","og_type":"article","og_title":"Strim Canules - QuaMedical Medische oplossingen voor de Chirurgie","og_url":"https:\/\/quamedical.nl\/fr\/lipofilling\/strim-canules\/","og_site_name":"QuaMedical Medische oplossingen voor de Chirurgie","article_modified_time":"2023-09-28T11:05:33+00:00","og_image":[{"width":800,"height":800,"url":"https:\/\/quamedical.nl\/wp-content\/uploads\/2022\/02\/product-afbeelding.jpg","type":"image\/jpeg"}],"twitter_card":"summary_large_image","twitter_misc":{"Dur\u00e9e de lecture estim\u00e9e":"1 minute"},"schema":{"@context":"https:\/\/schema.org","@graph":[{"@type":"WebPage","@id":"https:\/\/quamedical.nl\/fr\/lipofilling\/strim-canules\/","url":"https:\/\/quamedical.nl\/fr\/lipofilling\/strim-canules\/","name":"Strim Canules - QuaMedical Medische oplossingen voor de Chirurgie","isPartOf":{"@id":"https:\/\/quamedical.nl\/#website"},"primaryImageOfPage":{"@id":"https:\/\/quamedical.nl\/fr\/lipofilling\/strim-canules\/#primaryimage"},"image":{"@id":"https:\/\/quamedical.nl\/fr\/lipofilling\/strim-canules\/#primaryimage"},"thumbnailUrl":"https:\/\/quamedical.nl\/wp-content\/uploads\/2022\/02\/product-afbeelding.jpg","datePublished":"2023-09-28T11:04:32+00:00","dateModified":"2023-09-28T11:05:33+00:00","breadcrumb":{"@id":"https:\/\/quamedical.nl\/fr\/lipofilling\/strim-canules\/#breadcrumb"},"inLanguage":"fr-FR","potentialAction":[{"@type":"ReadAction","target":["https:\/\/quamedical.nl\/fr\/lipofilling\/strim-canules\/"]}]},{"@type":"ImageObject","inLanguage":"fr-FR","@id":"https:\/\/quamedical.nl\/fr\/lipofilling\/strim-canules\/#primaryimage","url":"https:\/\/quamedical.nl\/wp-content\/uploads\/2022\/02\/product-afbeelding.jpg","contentUrl":"https:\/\/quamedical.nl\/wp-content\/uploads\/2022\/02\/product-afbeelding.jpg","width":800,"height":800},{"@type":"BreadcrumbList","@id":"https:\/\/quamedical.nl\/fr\/lipofilling\/strim-canules\/#breadcrumb","itemListElement":[{"@type":"ListItem","position":1,"name":"Lipofilling","item":"https:\/\/quamedical.nl\/fr\/lipofilling\/"},{"@type":"ListItem","position":2,"name":"Strim Canules"}]},{"@type":"WebSite","@id":"https:\/\/quamedical.nl\/#website","url":"https:\/\/quamedical.nl\/","name":"QuaMedical Medische oplossingen voor de Chirurgie","description":"","potentialAction":[{"@type":"SearchAction","target":{"@type":"EntryPoint","urlTemplate":"https:\/\/quamedical.nl\/?s={search_term_string}"},"query-input":{"@type":"PropertyValueSpecification","valueRequired":true,"valueName":"search_term_string"}}],"inLanguage":"fr-FR"}]}},"_links":{"self":[{"href":"https:\/\/quamedical.nl\/fr\/wp-json\/wp\/v2\/pages\/3340","targetHints":{"allow":["GET"]}}],"collection":[{"href":"https:\/\/quamedical.nl\/fr\/wp-json\/wp\/v2\/pages"}],"about":[{"href":"https:\/\/quamedical.nl\/fr\/wp-json\/wp\/v2\/types\/page"}],"author":[{"embeddable":true,"href":"https:\/\/quamedical.nl\/fr\/wp-json\/wp\/v2\/users\/1"}],"replies":[{"embeddable":true,"href":"https:\/\/quamedical.nl\/fr\/wp-json\/wp\/v2\/comments?post=3340"}],"version-history":[{"count":2,"href":"https:\/\/quamedical.nl\/fr\/wp-json\/wp\/v2\/pages\/3340\/revisions"}],"predecessor-version":[{"id":3637,"href":"https:\/\/quamedical.nl\/fr\/wp-json\/wp\/v2\/pages\/3340\/revisions\/3637"}],"up":[{"embeddable":true,"href":"https:\/\/quamedical.nl\/fr\/wp-json\/wp\/v2\/pages\/1730"}],"wp:featuredmedia":[{"embeddable":true,"href":"https:\/\/quamedical.nl\/fr\/wp-json\/wp\/v2\/media\/3356"}],"wp:attachment":[{"href":"https:\/\/quamedical.nl\/fr\/wp-json\/wp\/v2\/media?parent=3340"}],"curies":[{"name":"wp","href":"https:\/\/api.w.org\/{rel}","templated":true}]}}