{"id":2999,"date":"2013-08-11T19:06:15","date_gmt":"2013-08-11T19:06:15","guid":{"rendered":"https:\/\/quamedical.nl\/over-quamedical\/"},"modified":"2021-05-11T16:55:23","modified_gmt":"2021-05-11T16:55:23","slug":"a-propos-de-quamedical","status":"publish","type":"page","link":"https:\/\/quamedical.nl\/fr\/a-propos-de-quamedical\/","title":{"rendered":"\u00c0 propos de Quamedical"},"content":{"rendered":"\t<div class=\"img has-hover show-for-small x md-x lg-x y md-y lg-y\" id=\"image_159480252\">\n\t\t\t\t\t\t\t\t<div class=\"img-inner dark\" >\n\t\t\t<img loading=\"lazy\" decoding=\"async\" width=\"1020\" height=\"340\" src=\"https:\/\/quamedical.nl\/wp-content\/uploads\/2021\/03\/Headers-QUA-7.jpg\" class=\"attachment-large size-large\" alt=\"\" srcset=\"https:\/\/quamedical.nl\/wp-content\/uploads\/2021\/03\/Headers-QUA-7.jpg 1200w, https:\/\/quamedical.nl\/wp-content\/uploads\/2021\/03\/Headers-QUA-7-800x267.jpg 800w, https:\/\/quamedical.nl\/wp-content\/uploads\/2021\/03\/Headers-QUA-7-768x256.jpg 768w, https:\/\/quamedical.nl\/wp-content\/uploads\/2021\/03\/Headers-QUA-7-510x170.jpg 510w\" sizes=\"auto, (max-width: 1020px) 100vw, 1020px\" \/>\t\t\t\t\t\t\n\t\t\t\t\t<\/div>\n\t\t\t\t\t\t\t\t\n<style>\n#image_159480252 {\n  width: 100%;\n}\n<\/style>\n\t<\/div>\n\t\n\n  <div class=\"banner has-hover hide-for-small\" id=\"banner-1221387433\">\n          <div class=\"banner-inner fill\">\n        <div class=\"banner-bg fill\" >\n            <div class=\"bg fill bg-fill \"><\/div>\n                                    \n                    <\/div>\n\t\t\n        <div class=\"banner-layers container\">\n            <div class=\"fill banner-link\"><\/div>            \n   <div id=\"text-box-1119944091\" class=\"text-box banner-layer x50 md-x50 lg-x50 y50 md-y50 lg-y50 res-text\">\n                                <div class=\"text-box-content text dark\">\n              \n              <div class=\"text-inner text-center\">\n                  \n              <\/div>\n           <\/div>\n                            \n<style>\n#text-box-1119944091 {\n  width: 60%;\n}\n#text-box-1119944091 .text-box-content {\n  font-size: 100%;\n}\n@media (min-width:550px) {\n  #text-box-1119944091 {\n    width: 60%;\n  }\n}\n<\/style>\n    <\/div>\n \n        <\/div>\n      <\/div>\n\n            \n<style>\n#banner-1221387433 {\n  padding-top: 360px;\n}\n#banner-1221387433 .bg.bg-loaded {\n  background-image: url(https:\/\/quamedical.nl\/wp-content\/uploads\/2021\/03\/Headers-QUA-7.jpg);\n}\n<\/style>\n  <\/div>\n\n\n<div class=\"row\"  id=\"row-227427163\">\n\n\t<div id=\"col-1390429155\" class=\"col small-12 large-12\"  >\n\t\t\t\t<div class=\"col-inner\"  >\n\t\t\t\n\t\t\t\n<div class=\"row\"  id=\"row-929407704\">\n\n\t<div id=\"col-283850737\" class=\"col medium-9 small-12 large-9\"  >\n\t\t\t\t<div class=\"col-inner\"  >\n\t\t\t\n\t\t\t\n<div class=\"container section-title-container\" ><h3 class=\"section-title section-title-normal\"><b><\/b><span class=\"section-title-main\" style=\"color:rgb(88, 44, 131);\">\u00c0 PROPOS DE QUAMEDICAL<\/span><b><\/b><\/h3><\/div>\n<p>QuaMedical a \u00e9t\u00e9 fond\u00e9e en 2009 par Jaap van der Bijl, avec pour mission de fournir des produits innovants sp\u00e9cifiques pour la (micro)chirurgie reconstructive. Nous avons commenc\u00e9 par la distribution du Neurotube, un produit de Synovis MCA. En 2010, nous avons ajout\u00e9 les autres produits Synovis MCA, tels que le Coupler et le Microclip.<\/p>\n<p>Outre les produits Synovis, ax\u00e9s sur la microchirurgie, nous proposons actuellement des produits destin\u00e9s au lipofilling et \u00e0 la reconstruction mammaire directe.<\/p>\n<p>Ces derni\u00e8res ann\u00e9es, nous sommes devenus un partenaire fiable et flexible pour le chirurgien (plastique) et l&rsquo;h\u00f4pital. Depuis 2020, nous avons un point de contact en Belgique, ce qui augmente encore le niveau de service.<\/p>\n<p>C&rsquo;est avec grand plaisir que nous vous pr\u00e9sentons nos produits avec des conseils comp\u00e9tents.<br \/>Si vous avez des questions concernant une d\u00e9monstration ou un workshop, n&rsquo;h\u00e9sitez pas \u00e0 nous envoyer un e-mail !<\/p>\n\t\t<\/div>\n\t\t\t\t\t<\/div>\n\n\t\n\n\t<div id=\"col-1013647960\" class=\"col medium-3 small-12 large-3\"  >\n\t\t\t\t<div class=\"col-inner\"  >\n\t\t\t\n\t\t\t\n    <div class=\"box has-hover has-hover box-text-bottom\" >\n\n                  <div class=\"box-image \" style=\"width:80%;\">\n           <div class=\"box-image-inner image-cover\" style=\"border-radius:100%;padding-top:100%;\">\n              <img loading=\"lazy\" decoding=\"async\" width=\"2560\" height=\"1707\" src=\"https:\/\/quamedical.nl\/wp-content\/uploads\/2021\/03\/Braxon_Fast-Button-scaled.jpg\" class=\"attachment- size-\" alt=\"\" srcset=\"https:\/\/quamedical.nl\/wp-content\/uploads\/2021\/03\/Braxon_Fast-Button-scaled.jpg 2560w, https:\/\/quamedical.nl\/wp-content\/uploads\/2021\/03\/Braxon_Fast-Button-600x400.jpg 600w, https:\/\/quamedical.nl\/wp-content\/uploads\/2021\/03\/Braxon_Fast-Button-1200x800.jpg 1200w, https:\/\/quamedical.nl\/wp-content\/uploads\/2021\/03\/Braxon_Fast-Button-768x512.jpg 768w, https:\/\/quamedical.nl\/wp-content\/uploads\/2021\/03\/Braxon_Fast-Button-1536x1024.jpg 1536w, https:\/\/quamedical.nl\/wp-content\/uploads\/2021\/03\/Braxon_Fast-Button-2048x1365.jpg 2048w, https:\/\/quamedical.nl\/wp-content\/uploads\/2021\/03\/Braxon_Fast-Button-510x340.jpg 510w\" sizes=\"auto, (max-width: 2560px) 100vw, 2560px\" \/>                         <\/div>\n          <\/div>\n         \n          <div class=\"box-text text-center\" >\n                <div class=\"box-text-inner\">\n                  <h4 class=\"uppercase\">\n                    <span class=\"person-name\">Jaap van der Bijl<\/span><br\/>\n                    <span class=\"person-title is-small thin-font op-7\">\n                                          <\/span>\n                  <\/h4>\n\t\t\t\t\t<div class=\"social-icons follow-icons\" ><a href=\"mailto:info@quamedical.nl\" data-label=\"E-mail\" target=\"_blank\" class=\"icon button circle is-outline email tooltip\" title=\"Nous envoyer un email\" aria-label=\"Nous envoyer un email\" rel=\"nofollow noopener\" ><i class=\"icon-envelop\" ><\/i><\/a><a href=\"tel:085 7600244\" data-label=\"Phone\" target=\"_blank\" class=\"icon button circle is-outline phone tooltip\" title=\"Appelez-nous\" aria-label=\"Appelez-nous\" rel=\"nofollow noopener\" ><i class=\"icon-phone\" ><\/i><\/a><a href=\"linkedin.com\/in\/jaap-van-der-bijl-1ab6b911\" data-label=\"LinkedIn\" target=\"_blank\" class=\"icon button circle is-outline linkedin tooltip\" title=\"Nous suivre sur LinkedIn\" aria-label=\"Nous suivre sur LinkedIn\" rel=\"noopener nofollow\" ><i class=\"icon-linkedin\" ><\/i><\/a><\/div>\n                <\/div>\n          <\/div>\n    <\/div>\n\n\t\n    \n\t\t<\/div>\n\t\t\t\t\t<\/div>\n\n\t\n<\/div>\n\t\t<\/div>\n\t\t\t\t\t<\/div>\n\n\t\n<\/div>\n","protected":false},"excerpt":{"rendered":"","protected":false},"author":1,"featured_media":1914,"parent":0,"menu_order":0,"comment_status":"closed","ping_status":"closed","template":"page-blank.php","meta":{"footnotes":""},"class_list":["post-2999","page","type-page","status-publish","has-post-thumbnail","hentry"],"yoast_head":"<!-- This site is optimized with the Yoast SEO plugin v27.2 - https:\/\/yoast.com\/product\/yoast-seo-wordpress\/ -->\n<title>\u00c0 propos de Quamedical - QuaMedical Medische oplossingen voor de Chirurgie<\/title>\n<meta name=\"robots\" content=\"index, follow, max-snippet:-1, max-image-preview:large, max-video-preview:-1\" \/>\n<link rel=\"canonical\" href=\"https:\/\/quamedical.nl\/fr\/a-propos-de-quamedical\/\" \/>\n<meta property=\"og:locale\" content=\"fr_FR\" \/>\n<meta property=\"og:type\" content=\"article\" \/>\n<meta property=\"og:title\" content=\"\u00c0 propos de Quamedical - QuaMedical Medische oplossingen voor de Chirurgie\" \/>\n<meta property=\"og:url\" content=\"https:\/\/quamedical.nl\/fr\/a-propos-de-quamedical\/\" \/>\n<meta property=\"og:site_name\" content=\"QuaMedical Medische oplossingen voor de Chirurgie\" \/>\n<meta property=\"article:modified_time\" content=\"2021-05-11T16:55:23+00:00\" \/>\n<meta property=\"og:image\" content=\"https:\/\/quamedical.nl\/wp-content\/uploads\/2021\/03\/Braxon_Fast-Button-scaled.jpg\" \/>\n\t<meta property=\"og:image:width\" content=\"2560\" \/>\n\t<meta property=\"og:image:height\" content=\"1707\" \/>\n\t<meta property=\"og:image:type\" content=\"image\/jpeg\" \/>\n<meta name=\"twitter:card\" content=\"summary_large_image\" \/>\n<meta name=\"twitter:label1\" content=\"Dur\u00e9e de lecture estim\u00e9e\" \/>\n\t<meta name=\"twitter:data1\" content=\"1 minute\" \/>\n<script type=\"application\/ld+json\" class=\"yoast-schema-graph\">{\"@context\":\"https:\/\/schema.org\",\"@graph\":[{\"@type\":\"WebPage\",\"@id\":\"https:\/\/quamedical.nl\/fr\/a-propos-de-quamedical\/\",\"url\":\"https:\/\/quamedical.nl\/fr\/a-propos-de-quamedical\/\",\"name\":\"\u00c0 propos de Quamedical - QuaMedical Medische oplossingen voor de Chirurgie\",\"isPartOf\":{\"@id\":\"https:\/\/quamedical.nl\/#website\"},\"primaryImageOfPage\":{\"@id\":\"https:\/\/quamedical.nl\/fr\/a-propos-de-quamedical\/#primaryimage\"},\"image\":{\"@id\":\"https:\/\/quamedical.nl\/fr\/a-propos-de-quamedical\/#primaryimage\"},\"thumbnailUrl\":\"https:\/\/quamedical.nl\/wp-content\/uploads\/2021\/03\/Braxon_Fast-Button-scaled.jpg\",\"datePublished\":\"2013-08-11T19:06:15+00:00\",\"dateModified\":\"2021-05-11T16:55:23+00:00\",\"inLanguage\":\"fr-FR\",\"potentialAction\":[{\"@type\":\"ReadAction\",\"target\":[\"https:\/\/quamedical.nl\/fr\/a-propos-de-quamedical\/\"]}]},{\"@type\":\"ImageObject\",\"inLanguage\":\"fr-FR\",\"@id\":\"https:\/\/quamedical.nl\/fr\/a-propos-de-quamedical\/#primaryimage\",\"url\":\"https:\/\/quamedical.nl\/wp-content\/uploads\/2021\/03\/Braxon_Fast-Button-scaled.jpg\",\"contentUrl\":\"https:\/\/quamedical.nl\/wp-content\/uploads\/2021\/03\/Braxon_Fast-Button-scaled.jpg\",\"width\":2560,\"height\":1707},{\"@type\":\"WebSite\",\"@id\":\"https:\/\/quamedical.nl\/#website\",\"url\":\"https:\/\/quamedical.nl\/\",\"name\":\"QuaMedical Medische oplossingen voor de Chirurgie\",\"description\":\"\",\"potentialAction\":[{\"@type\":\"SearchAction\",\"target\":{\"@type\":\"EntryPoint\",\"urlTemplate\":\"https:\/\/quamedical.nl\/?s={search_term_string}\"},\"query-input\":{\"@type\":\"PropertyValueSpecification\",\"valueRequired\":true,\"valueName\":\"search_term_string\"}}],\"inLanguage\":\"fr-FR\"}]}<\/script>\n<!-- \/ Yoast SEO plugin. -->","yoast_head_json":{"title":"\u00c0 propos de Quamedical - QuaMedical Medische oplossingen voor de Chirurgie","robots":{"index":"index","follow":"follow","max-snippet":"max-snippet:-1","max-image-preview":"max-image-preview:large","max-video-preview":"max-video-preview:-1"},"canonical":"https:\/\/quamedical.nl\/fr\/a-propos-de-quamedical\/","og_locale":"fr_FR","og_type":"article","og_title":"\u00c0 propos de Quamedical - QuaMedical Medische oplossingen voor de Chirurgie","og_url":"https:\/\/quamedical.nl\/fr\/a-propos-de-quamedical\/","og_site_name":"QuaMedical Medische oplossingen voor de Chirurgie","article_modified_time":"2021-05-11T16:55:23+00:00","og_image":[{"width":2560,"height":1707,"url":"https:\/\/quamedical.nl\/wp-content\/uploads\/2021\/03\/Braxon_Fast-Button-scaled.jpg","type":"image\/jpeg"}],"twitter_card":"summary_large_image","twitter_misc":{"Dur\u00e9e de lecture estim\u00e9e":"1 minute"},"schema":{"@context":"https:\/\/schema.org","@graph":[{"@type":"WebPage","@id":"https:\/\/quamedical.nl\/fr\/a-propos-de-quamedical\/","url":"https:\/\/quamedical.nl\/fr\/a-propos-de-quamedical\/","name":"\u00c0 propos de Quamedical - QuaMedical Medische oplossingen voor de Chirurgie","isPartOf":{"@id":"https:\/\/quamedical.nl\/#website"},"primaryImageOfPage":{"@id":"https:\/\/quamedical.nl\/fr\/a-propos-de-quamedical\/#primaryimage"},"image":{"@id":"https:\/\/quamedical.nl\/fr\/a-propos-de-quamedical\/#primaryimage"},"thumbnailUrl":"https:\/\/quamedical.nl\/wp-content\/uploads\/2021\/03\/Braxon_Fast-Button-scaled.jpg","datePublished":"2013-08-11T19:06:15+00:00","dateModified":"2021-05-11T16:55:23+00:00","inLanguage":"fr-FR","potentialAction":[{"@type":"ReadAction","target":["https:\/\/quamedical.nl\/fr\/a-propos-de-quamedical\/"]}]},{"@type":"ImageObject","inLanguage":"fr-FR","@id":"https:\/\/quamedical.nl\/fr\/a-propos-de-quamedical\/#primaryimage","url":"https:\/\/quamedical.nl\/wp-content\/uploads\/2021\/03\/Braxon_Fast-Button-scaled.jpg","contentUrl":"https:\/\/quamedical.nl\/wp-content\/uploads\/2021\/03\/Braxon_Fast-Button-scaled.jpg","width":2560,"height":1707},{"@type":"WebSite","@id":"https:\/\/quamedical.nl\/#website","url":"https:\/\/quamedical.nl\/","name":"QuaMedical Medische oplossingen voor de Chirurgie","description":"","potentialAction":[{"@type":"SearchAction","target":{"@type":"EntryPoint","urlTemplate":"https:\/\/quamedical.nl\/?s={search_term_string}"},"query-input":{"@type":"PropertyValueSpecification","valueRequired":true,"valueName":"search_term_string"}}],"inLanguage":"fr-FR"}]}},"_links":{"self":[{"href":"https:\/\/quamedical.nl\/fr\/wp-json\/wp\/v2\/pages\/2999","targetHints":{"allow":["GET"]}}],"collection":[{"href":"https:\/\/quamedical.nl\/fr\/wp-json\/wp\/v2\/pages"}],"about":[{"href":"https:\/\/quamedical.nl\/fr\/wp-json\/wp\/v2\/types\/page"}],"author":[{"embeddable":true,"href":"https:\/\/quamedical.nl\/fr\/wp-json\/wp\/v2\/users\/1"}],"replies":[{"embeddable":true,"href":"https:\/\/quamedical.nl\/fr\/wp-json\/wp\/v2\/comments?post=2999"}],"version-history":[{"count":9,"href":"https:\/\/quamedical.nl\/fr\/wp-json\/wp\/v2\/pages\/2999\/revisions"}],"predecessor-version":[{"id":3205,"href":"https:\/\/quamedical.nl\/fr\/wp-json\/wp\/v2\/pages\/2999\/revisions\/3205"}],"wp:featuredmedia":[{"embeddable":true,"href":"https:\/\/quamedical.nl\/fr\/wp-json\/wp\/v2\/media\/1914"}],"wp:attachment":[{"href":"https:\/\/quamedical.nl\/fr\/wp-json\/wp\/v2\/media?parent=2999"}],"curies":[{"name":"wp","href":"https:\/\/api.w.org\/{rel}","templated":true}]}}