{"id":2252,"date":"2021-04-01T12:18:52","date_gmt":"2021-04-01T12:18:52","guid":{"rendered":"https:\/\/quamedical.nl\/congress-agenda\/"},"modified":"2021-04-01T12:21:53","modified_gmt":"2021-04-01T12:21:53","slug":"agenda-du-congres","status":"publish","type":"page","link":"https:\/\/quamedical.nl\/fr\/agenda-du-congres\/","title":{"rendered":"Agenda du congr\u00e8s"},"content":{"rendered":"\t<div class=\"img has-hover show-for-small x md-x lg-x y md-y lg-y\" id=\"image_2120205811\">\n\t\t\t\t\t\t\t\t<div class=\"img-inner dark\" >\n\t\t\t<img loading=\"lazy\" decoding=\"async\" width=\"1020\" height=\"340\" src=\"https:\/\/quamedical.nl\/wp-content\/uploads\/2021\/03\/Headers-QUA-6.jpg\" class=\"attachment-large size-large\" alt=\"\" srcset=\"https:\/\/quamedical.nl\/wp-content\/uploads\/2021\/03\/Headers-QUA-6.jpg 1200w, https:\/\/quamedical.nl\/wp-content\/uploads\/2021\/03\/Headers-QUA-6-800x267.jpg 800w, https:\/\/quamedical.nl\/wp-content\/uploads\/2021\/03\/Headers-QUA-6-768x256.jpg 768w, https:\/\/quamedical.nl\/wp-content\/uploads\/2021\/03\/Headers-QUA-6-510x170.jpg 510w\" sizes=\"auto, (max-width: 1020px) 100vw, 1020px\" \/>\t\t\t\t\t\t\n\t\t\t\t\t<\/div>\n\t\t\t\t\t\t\t\t\n<style>\n#image_2120205811 {\n  width: 100%;\n}\n<\/style>\n\t<\/div>\n\t\n\n\t<div class=\"img has-hover hide-for-small x md-x lg-x y md-y lg-y\" id=\"image_213828111\">\n\t\t\t\t\t\t\t\t<div class=\"img-inner dark\" >\n\t\t\t<img loading=\"lazy\" decoding=\"async\" width=\"1020\" height=\"340\" src=\"https:\/\/quamedical.nl\/wp-content\/uploads\/2021\/03\/Headers-QUA-6.jpg\" class=\"attachment-large size-large\" alt=\"\" srcset=\"https:\/\/quamedical.nl\/wp-content\/uploads\/2021\/03\/Headers-QUA-6.jpg 1200w, https:\/\/quamedical.nl\/wp-content\/uploads\/2021\/03\/Headers-QUA-6-800x267.jpg 800w, https:\/\/quamedical.nl\/wp-content\/uploads\/2021\/03\/Headers-QUA-6-768x256.jpg 768w, https:\/\/quamedical.nl\/wp-content\/uploads\/2021\/03\/Headers-QUA-6-510x170.jpg 510w\" sizes=\"auto, (max-width: 1020px) 100vw, 1020px\" \/>\t\t\t\t\t\t\n\t\t\t\t\t<\/div>\n\t\t\t\t\t\t\t\t\n<style>\n#image_213828111 {\n  width: 100%;\n}\n<\/style>\n\t<\/div>\n\t\n\n\t<div id=\"gap-1119435163\" class=\"gap-element clearfix\" style=\"display:block; height:auto;\">\n\t\t\n<style>\n#gap-1119435163 {\n  padding-top: 30px;\n}\n<\/style>\n\t<\/div>\n\t\n\n<div class=\"row\"  id=\"row-21161815\">\n\n\n\t<div id=\"col-1372645018\" class=\"col large-12\"  >\n\t\t\t\t<div class=\"col-inner\"  >\n\t\t\t\n\t\t\t\n\n<div class=\"container section-title-container\" ><h3 class=\"section-title section-title-normal\"><b><\/b><span class=\"section-title-main\" style=\"color:rgb(88, 44, 131);\">Agenda du congr\u00e8s<\/span><b><\/b><\/h3><\/div>\n\n\n\t\t<\/div>\n\t\t\t\t\t<\/div>\n\n\t\n\n<\/div>\n<div class=\"row\"  id=\"row-269099987\">\n\n\n\t<div id=\"col-167877413\" class=\"col large-12\"  >\n\t\t\t\t<div class=\"col-inner\"  >\n\t\t\t\n\t\t\t\n\n<div class=\"row\"  id=\"row-1693683718\">\n\n\n\t<div id=\"col-1703081429\" class=\"col medium-4 small-12 large-4\"  >\n\t\t\t\t<div class=\"col-inner\"  >\n\t\t\t\n\t\t\t\n\n    <div class=\"box has-hover has-hover box-text-bottom\" >\n\n                  <div class=\"box-image \" style=\"width:47%;\">\n           <div class=\"box-image-inner image-cover\" style=\"border-radius:100%;padding-top:100%;\">\n              <img loading=\"lazy\" decoding=\"async\" width=\"2560\" height=\"1920\" src=\"https:\/\/quamedical.nl\/wp-content\/uploads\/2021\/03\/Microchirurgie-scaled.jpg\" class=\"attachment- size-\" alt=\"\" srcset=\"https:\/\/quamedical.nl\/wp-content\/uploads\/2021\/03\/Microchirurgie-scaled.jpg 2560w, https:\/\/quamedical.nl\/wp-content\/uploads\/2021\/03\/Microchirurgie-533x400.jpg 533w, https:\/\/quamedical.nl\/wp-content\/uploads\/2021\/03\/Microchirurgie-1067x800.jpg 1067w, https:\/\/quamedical.nl\/wp-content\/uploads\/2021\/03\/Microchirurgie-768x576.jpg 768w, https:\/\/quamedical.nl\/wp-content\/uploads\/2021\/03\/Microchirurgie-1536x1152.jpg 1536w, https:\/\/quamedical.nl\/wp-content\/uploads\/2021\/03\/Microchirurgie-2048x1536.jpg 2048w, https:\/\/quamedical.nl\/wp-content\/uploads\/2021\/03\/Microchirurgie-510x383.jpg 510w\" sizes=\"auto, (max-width: 2560px) 100vw, 2560px\" \/>                         <\/div>\n          <\/div>\n         \n          <div class=\"box-text text-center\" >\n                <div class=\"box-text-inner\">\n                  <h4 class=\"uppercase\">\n                    <span class=\"person-name\"><\/span><br\/>\n                    <span class=\"person-title is-small thin-font op-7\">\n                                          <\/span>\n                  <\/h4>\n\t\t\t\t\t\n\n\n                <\/div>\n          <\/div>\n    <\/div>\n\n\t\n    \n\n\t\t<\/div>\n\t\t\t\t\t<\/div>\n\n\t\n\n\t<div id=\"col-1205528365\" class=\"col medium-8 small-12 large-8\"  >\n\t\t\t\t<div class=\"col-inner\"  >\n\t\t\t\n\t\t\t\n\n<table style=\"font-size: 14.4px; height: auto;\" width=\"536\">\n<thead>\n<tr>\n<th><span style=\"font-size: 100%;\">Date<\/span><\/th>\n<th><span style=\"font-size: 100%;\">\u00c9v\u00e9nement<\/span><\/th>\n<th><span style=\"font-size: 100%;\">Lieu<\/span><\/th>\n<\/tr>\n<\/thead>\n<tbody>\n<tr>\n<td>6-7 f\u00e9vrier 2025<\/td>\n<td>Congr\u00e8s BOOBS Breast<\/td>\n<td>Bruxelles<\/td>\n<\/tr>\n<tr>\n<td>23-24 mai 2025<\/td>\n<td>Soci\u00e9t\u00e9 N\u00e9erlandaise de Chirurgie Plastique (NVPC)<\/td>\n<td>Groningue<\/td>\n<\/tr>\n<tr>\n<td>27 mars 2025<\/td>\n<td>Masterclass de Reconstruction Esser<\/td>\n<td>Rotterdam<\/td>\n<\/tr>\n<tr>\n<td>4 avril 2025<\/td>\n<td>Congr\u00e8s de Chirurgie de la Main<\/td>\n<td>Zeist<\/td>\n<\/tr>\n<tr>\n<td>10-11 avril 2025<\/td>\n<td>Cours de Chirurgie des Nerfs \u00e0 Utrecht<\/td>\n<td>Utrecht<\/td>\n<\/tr>\n<tr>\n<td>23-26 avril 2025<\/td>\n<td>Congr\u00e8s Mondial WSRM<\/td>\n<td>Barcelone<\/td>\n<\/tr>\n<tr>\n<td>17 mai 2025<\/td>\n<td>RBSPS<\/td>\n<td>Bruxelles<\/td>\n<\/tr>\n<tr>\n<td>21-23 ao\u00fbt 2025<\/td>\n<td>Conseil Europ\u00e9en de Recherche en Chirurgie Plastique<\/td>\n<td>Utrecht<\/td>\n<\/tr>\n<tr>\n<td>3-5 septembre 2025<\/td>\n<td>London Breast Meeting<\/td>\n<td>Londres<\/td>\n<\/tr>\n<tr>\n<td>22-23 septembre 2025<\/td>\n<td>Masterclass de Reconstruction Esser<\/td>\n<td>Rotterdam<\/td>\n<\/tr>\n<tr>\n<td>7-8 novembre 2025<\/td>\n<td>R\u00e9union NVPC<\/td>\n<td>Amsterdam<\/td>\n<\/tr>\n<tr>\n<td>29 novembre 2025<\/td>\n<td>R\u00e9union d\u2019automne RBSPS<\/td>\n<td>Bruxelles<\/td>\n<\/tr>\n<tr>\n<td>3-5 d\u00e9cembre 2025<\/td>\n<td>R\u00e9union Milan Breast<\/td>\n<td>Milan<\/td>\n<\/tr>\n<tr>\n<td>16-20 janvier 2026<\/td>\n<td>ASRM<\/td>\n<td>Chula Vista, Californie<\/td>\n<\/tr>\n<tr>\n<td>12-14 mars 2026<\/td>\n<td>R\u00e9union Barcelone Breast<\/td>\n<td>Barcelone<\/td>\n<\/tr>\n<tr>\n<td>28-30 mai 2026<\/td>\n<td>EURAPS<\/td>\n<td>Ath\u00e8nes<\/td>\n<\/tr>\n<tr>\n<td>3-5 juin 2026<\/td>\n<td>R\u00e9union Mondiale WSRM<\/td>\n<td>Istanbul<\/td>\n<\/tr>\n<\/tbody>\n<\/table>\n<\/table>\n\n\n\t\t<\/div>\n\t\t\t\t\t<\/div>\n\n\t\n\n<\/div>\n\n\t\t<\/div>\n\t\t\t\t\t<\/div>\n\n\t\n\n<\/div>\n","protected":false},"excerpt":{"rendered":"","protected":false},"author":1,"featured_media":1036,"parent":0,"menu_order":0,"comment_status":"closed","ping_status":"closed","template":"page-blank.php","meta":{"footnotes":""},"class_list":["post-2252","page","type-page","status-publish","has-post-thumbnail","hentry"],"yoast_head":"<!-- This site is optimized with the Yoast SEO plugin v27.2 - https:\/\/yoast.com\/product\/yoast-seo-wordpress\/ -->\n<title>Agenda du congr\u00e8s - QuaMedical Medische oplossingen voor de Chirurgie<\/title>\n<meta name=\"robots\" content=\"index, follow, max-snippet:-1, max-image-preview:large, max-video-preview:-1\" \/>\n<link rel=\"canonical\" href=\"https:\/\/quamedical.nl\/fr\/agenda-du-congres\/\" \/>\n<meta property=\"og:locale\" content=\"fr_FR\" \/>\n<meta property=\"og:type\" content=\"article\" \/>\n<meta property=\"og:title\" content=\"Agenda du congr\u00e8s - QuaMedical Medische oplossingen voor de Chirurgie\" \/>\n<meta property=\"og:url\" content=\"https:\/\/quamedical.nl\/fr\/agenda-du-congres\/\" \/>\n<meta property=\"og:site_name\" content=\"QuaMedical Medische oplossingen voor de Chirurgie\" \/>\n<meta property=\"article:modified_time\" content=\"2021-04-01T12:21:53+00:00\" \/>\n<meta property=\"og:image\" content=\"https:\/\/quamedical.nl\/wp-content\/uploads\/2021\/03\/Microchirurgie-scaled.jpg\" \/>\n\t<meta property=\"og:image:width\" content=\"2560\" \/>\n\t<meta property=\"og:image:height\" content=\"1920\" \/>\n\t<meta property=\"og:image:type\" content=\"image\/jpeg\" \/>\n<meta name=\"twitter:card\" content=\"summary_large_image\" \/>\n<script type=\"application\/ld+json\" class=\"yoast-schema-graph\">{\"@context\":\"https:\/\/schema.org\",\"@graph\":[{\"@type\":\"WebPage\",\"@id\":\"https:\/\/quamedical.nl\/fr\/agenda-du-congres\/\",\"url\":\"https:\/\/quamedical.nl\/fr\/agenda-du-congres\/\",\"name\":\"Agenda du congr\u00e8s - QuaMedical Medische oplossingen voor de Chirurgie\",\"isPartOf\":{\"@id\":\"https:\/\/quamedical.nl\/#website\"},\"primaryImageOfPage\":{\"@id\":\"https:\/\/quamedical.nl\/fr\/agenda-du-congres\/#primaryimage\"},\"image\":{\"@id\":\"https:\/\/quamedical.nl\/fr\/agenda-du-congres\/#primaryimage\"},\"thumbnailUrl\":\"https:\/\/quamedical.nl\/wp-content\/uploads\/2021\/03\/Microchirurgie-scaled.jpg\",\"datePublished\":\"2021-04-01T12:18:52+00:00\",\"dateModified\":\"2021-04-01T12:21:53+00:00\",\"inLanguage\":\"fr-FR\",\"potentialAction\":[{\"@type\":\"ReadAction\",\"target\":[\"https:\/\/quamedical.nl\/fr\/agenda-du-congres\/\"]}]},{\"@type\":\"ImageObject\",\"inLanguage\":\"fr-FR\",\"@id\":\"https:\/\/quamedical.nl\/fr\/agenda-du-congres\/#primaryimage\",\"url\":\"https:\/\/quamedical.nl\/wp-content\/uploads\/2021\/03\/Microchirurgie-scaled.jpg\",\"contentUrl\":\"https:\/\/quamedical.nl\/wp-content\/uploads\/2021\/03\/Microchirurgie-scaled.jpg\",\"width\":2560,\"height\":1920},{\"@type\":\"WebSite\",\"@id\":\"https:\/\/quamedical.nl\/#website\",\"url\":\"https:\/\/quamedical.nl\/\",\"name\":\"QuaMedical Medische oplossingen voor de Chirurgie\",\"description\":\"\",\"potentialAction\":[{\"@type\":\"SearchAction\",\"target\":{\"@type\":\"EntryPoint\",\"urlTemplate\":\"https:\/\/quamedical.nl\/?s={search_term_string}\"},\"query-input\":{\"@type\":\"PropertyValueSpecification\",\"valueRequired\":true,\"valueName\":\"search_term_string\"}}],\"inLanguage\":\"fr-FR\"}]}<\/script>\n<!-- \/ Yoast SEO plugin. -->","yoast_head_json":{"title":"Agenda du congr\u00e8s - QuaMedical Medische oplossingen voor de Chirurgie","robots":{"index":"index","follow":"follow","max-snippet":"max-snippet:-1","max-image-preview":"max-image-preview:large","max-video-preview":"max-video-preview:-1"},"canonical":"https:\/\/quamedical.nl\/fr\/agenda-du-congres\/","og_locale":"fr_FR","og_type":"article","og_title":"Agenda du congr\u00e8s - QuaMedical Medische oplossingen voor de Chirurgie","og_url":"https:\/\/quamedical.nl\/fr\/agenda-du-congres\/","og_site_name":"QuaMedical Medische oplossingen voor de Chirurgie","article_modified_time":"2021-04-01T12:21:53+00:00","og_image":[{"width":2560,"height":1920,"url":"https:\/\/quamedical.nl\/wp-content\/uploads\/2021\/03\/Microchirurgie-scaled.jpg","type":"image\/jpeg"}],"twitter_card":"summary_large_image","schema":{"@context":"https:\/\/schema.org","@graph":[{"@type":"WebPage","@id":"https:\/\/quamedical.nl\/fr\/agenda-du-congres\/","url":"https:\/\/quamedical.nl\/fr\/agenda-du-congres\/","name":"Agenda du congr\u00e8s - QuaMedical Medische oplossingen voor de Chirurgie","isPartOf":{"@id":"https:\/\/quamedical.nl\/#website"},"primaryImageOfPage":{"@id":"https:\/\/quamedical.nl\/fr\/agenda-du-congres\/#primaryimage"},"image":{"@id":"https:\/\/quamedical.nl\/fr\/agenda-du-congres\/#primaryimage"},"thumbnailUrl":"https:\/\/quamedical.nl\/wp-content\/uploads\/2021\/03\/Microchirurgie-scaled.jpg","datePublished":"2021-04-01T12:18:52+00:00","dateModified":"2021-04-01T12:21:53+00:00","inLanguage":"fr-FR","potentialAction":[{"@type":"ReadAction","target":["https:\/\/quamedical.nl\/fr\/agenda-du-congres\/"]}]},{"@type":"ImageObject","inLanguage":"fr-FR","@id":"https:\/\/quamedical.nl\/fr\/agenda-du-congres\/#primaryimage","url":"https:\/\/quamedical.nl\/wp-content\/uploads\/2021\/03\/Microchirurgie-scaled.jpg","contentUrl":"https:\/\/quamedical.nl\/wp-content\/uploads\/2021\/03\/Microchirurgie-scaled.jpg","width":2560,"height":1920},{"@type":"WebSite","@id":"https:\/\/quamedical.nl\/#website","url":"https:\/\/quamedical.nl\/","name":"QuaMedical Medische oplossingen voor de Chirurgie","description":"","potentialAction":[{"@type":"SearchAction","target":{"@type":"EntryPoint","urlTemplate":"https:\/\/quamedical.nl\/?s={search_term_string}"},"query-input":{"@type":"PropertyValueSpecification","valueRequired":true,"valueName":"search_term_string"}}],"inLanguage":"fr-FR"}]}},"_links":{"self":[{"href":"https:\/\/quamedical.nl\/fr\/wp-json\/wp\/v2\/pages\/2252","targetHints":{"allow":["GET"]}}],"collection":[{"href":"https:\/\/quamedical.nl\/fr\/wp-json\/wp\/v2\/pages"}],"about":[{"href":"https:\/\/quamedical.nl\/fr\/wp-json\/wp\/v2\/types\/page"}],"author":[{"embeddable":true,"href":"https:\/\/quamedical.nl\/fr\/wp-json\/wp\/v2\/users\/1"}],"replies":[{"embeddable":true,"href":"https:\/\/quamedical.nl\/fr\/wp-json\/wp\/v2\/comments?post=2252"}],"version-history":[{"count":1,"href":"https:\/\/quamedical.nl\/fr\/wp-json\/wp\/v2\/pages\/2252\/revisions"}],"predecessor-version":[{"id":2253,"href":"https:\/\/quamedical.nl\/fr\/wp-json\/wp\/v2\/pages\/2252\/revisions\/2253"}],"wp:featuredmedia":[{"embeddable":true,"href":"https:\/\/quamedical.nl\/fr\/wp-json\/wp\/v2\/media\/1036"}],"wp:attachment":[{"href":"https:\/\/quamedical.nl\/fr\/wp-json\/wp\/v2\/media?parent=2252"}],"curies":[{"name":"wp","href":"https:\/\/api.w.org\/{rel}","templated":true}]}}