{"id":2101,"date":"2016-02-18T15:10:52","date_gmt":"2016-02-18T15:10:52","guid":{"rendered":"https:\/\/quamedical.nl\/simple-corporate\/"},"modified":"2024-10-04T18:24:57","modified_gmt":"2024-10-04T18:24:57","slug":"simple-corporate","status":"publish","type":"page","link":"https:\/\/quamedical.nl\/fr\/","title":{"rendered":"QuaMedical"},"content":{"rendered":"\t<div class=\"img has-hover show-for-small x md-x lg-x y md-y lg-y\" id=\"image_408631251\">\n\t\t\t\t\t\t\t\t<div class=\"img-inner dark\" >\n\t\t\t<img loading=\"lazy\" decoding=\"async\" width=\"1020\" height=\"340\" src=\"https:\/\/quamedical.nl\/wp-content\/uploads\/2021\/03\/Headers-QUA-3.jpg\" class=\"attachment-large size-large\" alt=\"\" srcset=\"https:\/\/quamedical.nl\/wp-content\/uploads\/2021\/03\/Headers-QUA-3.jpg 1200w, https:\/\/quamedical.nl\/wp-content\/uploads\/2021\/03\/Headers-QUA-3-800x267.jpg 800w, https:\/\/quamedical.nl\/wp-content\/uploads\/2021\/03\/Headers-QUA-3-768x256.jpg 768w, https:\/\/quamedical.nl\/wp-content\/uploads\/2021\/03\/Headers-QUA-3-510x170.jpg 510w\" sizes=\"auto, (max-width: 1020px) 100vw, 1020px\" \/>\t\t\t\t\t\t\n\t\t\t\t\t<\/div>\n\t\t\t\t\t\t\t\t\n<style>\n#image_408631251 {\n  width: 100%;\n}\n<\/style>\n\t<\/div>\n\t\n\n  <div class=\"banner has-hover hide-for-small\" id=\"banner-1903504371\">\n          <div class=\"banner-inner fill\">\n        <div class=\"banner-bg fill\" >\n            <div class=\"bg fill bg-fill \"><\/div>\n                                    \n                    <\/div>\n\t\t\n        <div class=\"banner-layers container\">\n            <div class=\"fill banner-link\"><\/div>            \n   <div id=\"text-box-1912267514\" class=\"text-box banner-layer x50 md-x50 lg-x50 y50 md-y50 lg-y50 res-text\">\n                                <div class=\"text-box-content text dark\">\n              \n              <div class=\"text-inner text-center\">\n                  \n              <\/div>\n           <\/div>\n                            \n<style>\n#text-box-1912267514 {\n  width: 60%;\n}\n#text-box-1912267514 .text-box-content {\n  font-size: 100%;\n}\n@media (min-width:550px) {\n  #text-box-1912267514 {\n    width: 60%;\n  }\n}\n<\/style>\n    <\/div>\n \n        <\/div>\n      <\/div>\n\n            \n<style>\n#banner-1903504371 {\n  padding-top: 360px;\n}\n#banner-1903504371 .bg.bg-loaded {\n  background-image: url(https:\/\/quamedical.nl\/wp-content\/uploads\/2021\/03\/Headers-QUA-3.jpg);\n}\n#banner-1903504371 .bg {\n  background-position: 100% 100%;\n}\n<\/style>\n  <\/div>\n\n\n<div class=\"row align-center\" style=\"max-width:1275px\" id=\"row-1915827454\">\n\n\t<div id=\"col-276417238\" class=\"col small-12 large-12\"  >\n\t\t\t\t<div class=\"col-inner\"  >\n\t\t\t\n\t\t\t\n<div class=\"row align-equal align-center\" style=\"max-width:1450px\" id=\"row-1319069488\">\n\n\n\t<div id=\"col-1978845920\" class=\"col medium-4 small-12 large-4\"  >\n\t\t\t\t<div class=\"col-inner\"  >\n\t\t\t\n\t\t\t\n\n\t<div class=\"box has-hover   has-hover box-shadow-3 box-shadow-3-hover box-default box-text-bottom\" >\n\n\t\t<div class=\"box-image\" >\n\t\t\t<a href=\"fr\/synovis-microsurgery\/\" >\t\t\t<div class=\"\" >\n\t\t\t\t<img loading=\"lazy\" decoding=\"async\" width=\"400\" height=\"300\" src=\"https:\/\/quamedical.nl\/wp-content\/uploads\/2020\/12\/Button2-5.jpg\" class=\"attachment- size-\" alt=\"\" \/>\t\t\t\t\t\t\t\t\t\t\t<\/div>\n\t\t\t<\/a>\t\t<\/div>\n\n\t\t<div class=\"box-text text-center\" style=\"background-color:rgb(88, 44, 131);\">\n\t\t\t<div class=\"box-text-inner\">\n\t\t\t\t\n\n<h4><span style=\"color: #ffffff;\">Synovis microchirurgie <\/span><\/h4>\n<p><span style=\"color: #ffffff;\">microchirurgie reconstructive<\/span><\/p>\n\n\t\t\t<\/div>\n\t\t<\/div>\n\t<\/div>\n\t\n\n\t\t<\/div>\n\t\t\t\t\t<\/div>\n\n\t\n\n\t<div id=\"col-420417041\" class=\"col medium-4 small-12 large-4\"  >\n\t\t\t\t<div class=\"col-inner\"  >\n\t\t\t\n\t\t\t\n\n\t<div class=\"box has-hover   has-hover box-shadow-3 box-shadow-3-hover box-default box-text-bottom\" >\n\n\t\t<div class=\"box-image\" >\n\t\t\t<a href=\"https:\/\/quamedical.nl\/fr\/adm-acellular-dermal-matrix\/\" >\t\t\t<div class=\"\" >\n\t\t\t\t<img loading=\"lazy\" decoding=\"async\" width=\"400\" height=\"300\" src=\"https:\/\/quamedical.nl\/wp-content\/uploads\/2020\/12\/Button2-4.jpg\" class=\"attachment- size-\" alt=\"\" \/>\t\t\t\t\t\t\t\t\t\t\t<\/div>\n\t\t\t<\/a>\t\t<\/div>\n\n\t\t<div class=\"box-text text-center\" style=\"background-color:rgb(88, 44, 131);\">\n\t\t\t<div class=\"box-text-inner\">\n\t\t\t\t\n\n<h4><span style=\"color: #ffffff;\">MDA<\/span><\/h4>\n<p><span style=\"color: #ffffff;\">Matrice Dermique Acellulaire<\/span><\/p>\n\n\t\t\t<\/div>\n\t\t<\/div>\n\t<\/div>\n\t\n\n\t\t<\/div>\n\t\t\t\t\t<\/div>\n\n\t\n\n\t<div id=\"col-1524871589\" class=\"col medium-4 small-12 large-4\"  >\n\t\t\t\t<div class=\"col-inner\"  >\n\t\t\t\n\t\t\t\n\n\t<div class=\"box has-hover   has-hover box-shadow-3 box-shadow-3-hover box-default box-text-bottom\" >\n\n\t\t<div class=\"box-image\" >\n\t\t\t<a href=\"\/fr\/lipofilling\/filtron\/\" >\t\t\t<div class=\"\" >\n\t\t\t\t<img loading=\"lazy\" decoding=\"async\" width=\"400\" height=\"300\" src=\"https:\/\/quamedical.nl\/wp-content\/uploads\/2020\/12\/Button2-1.jpg\" class=\"attachment- size-\" alt=\"\" \/>\t\t\t\t\t\t\t\t\t\t\t<\/div>\n\t\t\t<\/a>\t\t<\/div>\n\n\t\t<div class=\"box-text text-center\" style=\"background-color:rgb(88, 44, 131);\">\n\t\t\t<div class=\"box-text-inner\">\n\t\t\t\t\n\n<h4><span style=\"color: #ffffff;\">le lipofilling<\/span><\/h4>\n<p><span style=\"color: #ffffff;\">la microchirurgie reconstructive<\/span><\/p>\n\n\t\t\t<\/div>\n\t\t<\/div>\n\t<\/div>\n\t\n\n\t\t<\/div>\n\t\t\t\t\t<\/div>\n\n\t\n\n<\/div>\n<div class=\"row align-center\" style=\"max-width:1275px\" id=\"row-248606221\">\n\n\n\t<div id=\"col-1635553840\" class=\"col medium-4 small-12 large-4\"  >\n\t\t\t\t<div class=\"col-inner\"  >\n\t\t\t\n\t\t\t\n\n\t<div class=\"box has-hover   has-hover box-shadow-3 box-shadow-3-hover box-default box-text-bottom\" >\n\n\t\t<div class=\"box-image\" >\n\t\t\t<a href=\"\/fr\/chirurgie-de-la-main\/\" >\t\t\t<div class=\"\" >\n\t\t\t\t<img loading=\"lazy\" decoding=\"async\" width=\"400\" height=\"300\" src=\"https:\/\/quamedical.nl\/wp-content\/uploads\/2020\/12\/Button_handchirurgie.jpg\" class=\"attachment- size-\" alt=\"\" \/>\t\t\t\t\t\t\t\t\t\t\t<\/div>\n\t\t\t<\/a>\t\t<\/div>\n\n\t\t<div class=\"box-text text-center\" style=\"background-color:rgb(88, 44, 131);\">\n\t\t\t<div class=\"box-text-inner\">\n\t\t\t\t\n\n<h4><span style=\"color: #ffffff;\">Chirurgie de la main<\/span><\/h4>\n<p><span style=\"color: #ffffff;\">Chirurgie reconstructive de la main<\/span><\/p>\n\n\t\t\t<\/div>\n\t\t<\/div>\n\t<\/div>\n\t\n\n\t\t<\/div>\n\t\t\t\t\t<\/div>\n\n\t\n\n\t<div id=\"col-1067763580\" class=\"col medium-4 small-12 large-4\"  >\n\t\t\t\t<div class=\"col-inner\"  >\n\t\t\t\n\t\t\t\n\n\t<div class=\"box has-hover   has-hover box-shadow-3 box-shadow-3-hover box-default box-text-bottom\" >\n\n\t\t<div class=\"box-image\" >\n\t\t\t<a href=\"\/fr\/monitorage\/t-stat-tissue-oximeter\/\" >\t\t\t<div class=\"\" >\n\t\t\t\t<img loading=\"lazy\" decoding=\"async\" width=\"800\" height=\"600\" src=\"https:\/\/quamedical.nl\/wp-content\/uploads\/2020\/12\/Button2-tstat.png\" class=\"attachment- size-\" alt=\"\" srcset=\"https:\/\/quamedical.nl\/wp-content\/uploads\/2020\/12\/Button2-tstat.png 800w, https:\/\/quamedical.nl\/wp-content\/uploads\/2020\/12\/Button2-tstat-533x400.png 533w, https:\/\/quamedical.nl\/wp-content\/uploads\/2020\/12\/Button2-tstat-768x576.png 768w\" sizes=\"auto, (max-width: 800px) 100vw, 800px\" \/>\t\t\t\t\t\t\t\t\t\t\t<\/div>\n\t\t\t<\/a>\t\t<\/div>\n\n\t\t<div class=\"box-text text-center\" style=\"background-color:rgb(88, 44, 131);\">\n\t\t\t<div class=\"box-text-inner\">\n\t\t\t\t\n\n\t<div id=\"text-665843227\" class=\"text\">\n\t\t\n\n<h4><span style=\"color: #ffffff;\">Oxym\u00e8tre tissulaire T-Stat<\/span><\/h4>\n<p>\u00a0Monitorage<\/p>\n\t\t\n<style>\n#text-665843227 {\n  color: rgb(255,255,255);\n}\n#text-665843227 > * {\n  color: rgb(255,255,255);\n}\n<\/style>\n\t<\/div>\n\t\n\n\t\t\t<\/div>\n\t\t<\/div>\n\t<\/div>\n\t\n\n\t\t<\/div>\n\t\t\t\t\t<\/div>\n\n\t\n\n\t<div id=\"col-945872333\" class=\"col medium-4 small-12 large-4\"  >\n\t\t\t\t<div class=\"col-inner\"  >\n\t\t\t\n\t\t\t\n\n\t<div class=\"box has-hover   has-hover box-shadow-3 box-shadow-3-hover box-default box-text-bottom\" >\n\n\t\t<div class=\"box-image\" >\n\t\t\t<a href=\"\/fr\/video-quamedical\/\" >\t\t\t<div class=\"\" >\n\t\t\t\t<img loading=\"lazy\" decoding=\"async\" width=\"400\" height=\"300\" src=\"https:\/\/quamedical.nl\/wp-content\/uploads\/2020\/12\/Button2-3.jpg\" class=\"attachment- size-\" alt=\"\" \/>\t\t\t\t\t\t\t\t\t\t\t<\/div>\n\t\t\t<\/a>\t\t<\/div>\n\n\t\t<div class=\"box-text text-center\" style=\"background-color:rgb(88, 44, 131);\">\n\t\t\t<div class=\"box-text-inner\">\n\t\t\t\t\n\n<h4><span style=\"color: #ffffff;\">Vid\u00e9o et animation<\/span><\/h4>\n<p><span style=\"color: #ffffff;\">Regarder la vid\u00e9o et l'animation<\/span><\/p>\n\n\t\t\t<\/div>\n\t\t<\/div>\n\t<\/div>\n\t\n\n\t\t<\/div>\n\t\t\t\t\t<\/div>\n\n\t\n\n<\/div>\n<div class=\"row\"  id=\"row-1984744718\">\n\n\n\t<div id=\"col-1874200995\" class=\"col medium-4 small-12 large-4\"  >\n\t\t\t\t<div class=\"col-inner\"  >\n\t\t\t\n\t\t\t\n\n\t<div class=\"box has-hover   has-hover box-shadow-3 box-shadow-3-hover box-default box-text-bottom\" >\n\n\t\t<div class=\"box-image\" >\n\t\t\t<a href=\"\/newgel-siliconengel-en-siliconenverband\/\" >\t\t\t<div class=\"\" >\n\t\t\t\t<img loading=\"lazy\" decoding=\"async\" width=\"400\" height=\"300\" src=\"https:\/\/quamedical.nl\/wp-content\/uploads\/2022\/11\/Button-newgel.jpg\" class=\"attachment- size-\" alt=\"\" \/>\t\t\t\t\t\t\t\t\t\t\t<\/div>\n\t\t\t<\/a>\t\t<\/div>\n\n\t\t<div class=\"box-text text-center\" style=\"background-color:rgb(88, 44, 131);\">\n\t\t\t<div class=\"box-text-inner\">\n\t\t\t\t\n\n\t<div id=\"text-1721869217\" class=\"text\">\n\t\t\n\n<h4><span style=\"color: #ffffff;\">Newgel+ Gel de silicone et pansement<\/span><\/h4>\n<p>\u00a0Lire plus<\/p>\n\t\t\n<style>\n#text-1721869217 {\n  color: rgb(255,255,255);\n}\n#text-1721869217 > * {\n  color: rgb(255,255,255);\n}\n<\/style>\n\t<\/div>\n\t\n\n\t\t\t<\/div>\n\t\t<\/div>\n\t<\/div>\n\t\n\n\t\t<\/div>\n\t\t\t\t\t<\/div>\n\n\t\n\n\t<div id=\"col-684540729\" class=\"col medium-4 small-12 large-4\"  >\n\t\t\t\t<div class=\"col-inner\"  >\n\t\t\t\n\t\t\t\n\n\t<div class=\"box has-hover   has-hover box-shadow-3 box-shadow-3-hover box-default box-text-bottom\" >\n\n\t\t<div class=\"box-image\" >\n\t\t\t<a href=\"\/fr\/downloads\/\" >\t\t\t<div class=\"\" >\n\t\t\t\t<img loading=\"lazy\" decoding=\"async\" width=\"400\" height=\"300\" src=\"https:\/\/quamedical.nl\/wp-content\/uploads\/2023\/10\/Button-download.jpg\" class=\"attachment- size-\" alt=\"\" \/>\t\t\t\t\t\t\t\t\t\t\t<\/div>\n\t\t\t<\/a>\t\t<\/div>\n\n\t\t<div class=\"box-text text-center\" style=\"background-color:rgb(88, 44, 131);\">\n\t\t\t<div class=\"box-text-inner\">\n\t\t\t\t\n\n<h4><span style=\"color: #ffffff;\">T\u00e9l\u00e9chargements<\/span><\/h4>\n<p><span style=\"color: #ffffff;\">Brochures et certification CE<\/span><\/p>\n\n\t\t\t<\/div>\n\t\t<\/div>\n\t<\/div>\n\t\n\n\t\t<\/div>\n\t\t\t\t\t<\/div>\n\n\t\n\n\t<div id=\"col-1269521180\" class=\"col medium-4 small-12 large-4\"  >\n\t\t\t\t<div class=\"col-inner\"  >\n\t\t\t\n\t\t\t\n\n<p style=\"text-align: left;\"><span style=\"color: #000000;\"><strong>\u00c0 PROPOS DE QUAMEDICAL<\/strong><\/span><\/p>\n<p>Quamedical est un distributeur de dispositifs m\u00e9dicaux, Quamedical se concentre sur la microchirurgie et la chirurgie reconstructive (plastique). Nous fournissons aux sp\u00e9cialistes et \u00e0 leurs patients de nouveaux dispositifs m\u00e9dicaux avec des produits et des techniques innovantes.<\/p>\n<p>Nous concentrous sur la chirurgie plastique et reconstructive et sommes en mesure d'offrir une large gamme de produits dans un petit terrain de jeu.<\/p>\n<a href=\"\/fr\/a-propos-de-quamedical\" class=\"button primary lowercase\"  >\n    <span>Lire la suite<\/span>\n  <\/a>\n\n\n\n\t\t<\/div>\n\t\t\t\t\t<\/div>\n\n\t\n\n<\/div>\n<div class=\"row\"  id=\"row-453430126\">\r\n\r\n\n\t<div id=\"col-1339718181\" class=\"col medium-6 small-12 large-6\"  >\n\t\t\t\t<div class=\"col-inner\"  >\n\t\t\t\n\t\t\t\r\n\r\n<div class=\"is-divider divider clearfix\" ><\/div>\r\n<h1><span style=\"color: #000000;\"><strong>Produits actuels Chirurgie de la main<\/strong><\/span><\/h1>\r\nNous sommes heureux de vous annoncer que nous pouvons d\u00e9sormais \u00e9galement fournir les produits Neurolac et Neurocap !\r\n(\u00c9galement appel\u00e9 conduit nerveux et capuchons nerveux)\r\n\r\n\t\t<\/div>\n\t\t\t\t\t<\/div>\n\n\t\r\n\n\t<div id=\"col-444832003\" class=\"col medium-6 small-12 large-6\"  >\n\t\t\t\t<div class=\"col-inner\"  >\n\t\t\t\n\t\t\t\r\n\r\n<div class=\"is-divider divider clearfix\" ><\/div>\r\n\r\n\n  \n    <div class=\"row large-columns-1 medium-columns-1 small-columns-1\" >\n  <div class=\"col post-item\" >\n\t\t\t<div class=\"col-inner\">\n\t\t\t\t<div class=\"box box-push box-text-bottom box-blog-post has-hover\">\n            \t\t\t\t\t<div class=\"box-image\" >\n  \t\t\t\t\t\t<div class=\"image-cover\" style=\"padding-top:56.25%;\">\n\t\t\t\t\t\t\t<a href=\"https:\/\/quamedical.nl\/fr\/approvisionnement-continu-en-neurolac-neurocap\/\" class=\"plain\" aria-label=\"Approvisionnement continu en Neurolac\/Neurocap\">\n\t\t\t\t\t\t\t\t<img loading=\"lazy\" decoding=\"async\" width=\"1725\" height=\"1223\" src=\"https:\/\/quamedical.nl\/wp-content\/uploads\/2024\/10\/Overzicht_Neurolac_Neurocap.jpg\" class=\"attachment-original size-original wp-post-image\" alt=\"\" srcset=\"https:\/\/quamedical.nl\/wp-content\/uploads\/2024\/10\/Overzicht_Neurolac_Neurocap.jpg 1725w, https:\/\/quamedical.nl\/wp-content\/uploads\/2024\/10\/Overzicht_Neurolac_Neurocap-564x400.jpg 564w, https:\/\/quamedical.nl\/wp-content\/uploads\/2024\/10\/Overzicht_Neurolac_Neurocap-1128x800.jpg 1128w, https:\/\/quamedical.nl\/wp-content\/uploads\/2024\/10\/Overzicht_Neurolac_Neurocap-768x545.jpg 768w, https:\/\/quamedical.nl\/wp-content\/uploads\/2024\/10\/Overzicht_Neurolac_Neurocap-1536x1089.jpg 1536w\" sizes=\"auto, (max-width: 1725px) 100vw, 1725px\" \/>\t\t\t\t\t\t\t<\/a>\n  \t\t\t\t\t\t\t<div class=\"overlay\" style=\"background-color: rgba(0, 0, 0, 0.291)\"><\/div>  \t\t\t\t\t\t\t  \t\t\t\t\t\t<\/div>\n  \t\t\t\t\t\t  \t\t\t\t\t<\/div>\n          \t\t\t\t\t<div class=\"box-text text-center dark\" style=\"background-color:rgb(88, 44, 131);\">\n\t\t\t\t\t<div class=\"box-text-inner blog-post-inner\">\n\n\t\t\t\t\t\n\t\t\t\t\t\t\t\t\t\t<h5 class=\"post-title is-large \">\n\t\t\t\t\t\t<a href=\"https:\/\/quamedical.nl\/fr\/approvisionnement-continu-en-neurolac-neurocap\/\" class=\"plain\">Approvisionnement continu en Neurolac\/Neurocap<\/a>\n\t\t\t\t\t<\/h5>\n\t\t\t\t\t\t\t\t\t\t<div class=\"is-divider\"><\/div>\n\t\t\t\t\t\t\t\t\t\t<p class=\"from_the_blog_excerpt \">\n\t\t\t\t\t\tApprovisionnement continu en Neurolac\/Neurocap\/strong&gt; Cher parent, Nous sommes heureux de vous annoncer que nous pouvons [...]\t\t\t\t\t<\/p>\n\t\t\t\t\t                    \n\t\t\t\t\t\t\t\t\t\t\t<a href=\"https:\/\/quamedical.nl\/fr\/approvisionnement-continu-en-neurolac-neurocap\/\" class=\"button  is-outline is-small mb-0\">\n\t\t\t\t\t\t\tEn savoir plus\t\t\t\t\t\t<\/a>\n\t\t\t\t\t\n\t\t\t\t\t\n\t\t\t\t\t<\/div>\n\t\t\t\t\t<\/div>\n\t\t\t\t\t\t\t\t\t\t\t\t\t\t\t\t<div class=\"badge absolute top post-date badge-outline\">\n\t\t\t\t\t\t\t<div class=\"badge-inner\">\n\t\t\t\t\t\t\t\t<span class=\"post-date-day\">04<\/span><br>\n\t\t\t\t\t\t\t\t<span class=\"post-date-month is-xsmall\">Oct<\/span>\n\t\t\t\t\t\t\t<\/div>\n\t\t\t\t\t\t<\/div>\n\t\t\t\t\t\t\t\t\t<\/div>\n\t\t\t<\/div>\n\t\t<\/div><\/div>\r\n\r\n\t\t<\/div>\n\t\t\t\t\t<\/div>\n\n\t\r\n\r\n<\/div>\n\t<div id=\"gap-1907753299\" class=\"gap-element clearfix\" style=\"display:block; height:auto;\">\n\t\t\n<style>\n#gap-1907753299 {\n  padding-top: 30px;\n}\n<\/style>\n\t<\/div>\n\t\n\t\t<\/div>\n\t\t\t\t\t<\/div>\n\n\t\n<\/div>\n\t<div id=\"gap-619724892\" class=\"gap-element clearfix\" style=\"display:block; height:auto;\">\n\t\t\n<style>\n#gap-619724892 {\n  padding-top: 30px;\n}\n<\/style>\n\t<\/div>\n\t\n","protected":false},"excerpt":{"rendered":"","protected":false},"author":1,"featured_media":0,"parent":0,"menu_order":1,"comment_status":"closed","ping_status":"closed","template":"page-blank.php","meta":{"footnotes":""},"class_list":["post-2101","page","type-page","status-publish","hentry"],"yoast_head":"<!-- This site is optimized with the Yoast SEO plugin v27.2 - https:\/\/yoast.com\/product\/yoast-seo-wordpress\/ -->\n<title>QuaMedical - QuaMedical Medische oplossingen voor de Chirurgie<\/title>\n<meta name=\"robots\" content=\"index, follow, max-snippet:-1, max-image-preview:large, max-video-preview:-1\" \/>\n<link rel=\"canonical\" href=\"https:\/\/quamedical.nl\/fr\/\" \/>\n<meta property=\"og:locale\" content=\"fr_FR\" \/>\n<meta property=\"og:type\" content=\"article\" \/>\n<meta property=\"og:title\" content=\"QuaMedical - QuaMedical Medische oplossingen voor de Chirurgie\" \/>\n<meta property=\"og:url\" content=\"https:\/\/quamedical.nl\/fr\/\" \/>\n<meta property=\"og:site_name\" content=\"QuaMedical Medische oplossingen voor de Chirurgie\" \/>\n<meta property=\"article:modified_time\" content=\"2024-10-04T18:24:57+00:00\" \/>\n<meta name=\"twitter:card\" content=\"summary_large_image\" \/>\n<script type=\"application\/ld+json\" class=\"yoast-schema-graph\">{\"@context\":\"https:\/\/schema.org\",\"@graph\":[{\"@type\":\"WebPage\",\"@id\":\"https:\/\/quamedical.nl\/fr\/\",\"url\":\"https:\/\/quamedical.nl\/fr\/\",\"name\":\"QuaMedical - QuaMedical Medische oplossingen voor de Chirurgie\",\"isPartOf\":{\"@id\":\"https:\/\/quamedical.nl\/#website\"},\"datePublished\":\"2016-02-18T15:10:52+00:00\",\"dateModified\":\"2024-10-04T18:24:57+00:00\",\"inLanguage\":\"fr-FR\",\"potentialAction\":[{\"@type\":\"ReadAction\",\"target\":[\"https:\/\/quamedical.nl\/fr\/\"]}]},{\"@type\":\"WebSite\",\"@id\":\"https:\/\/quamedical.nl\/#website\",\"url\":\"https:\/\/quamedical.nl\/\",\"name\":\"QuaMedical Medische oplossingen voor de Chirurgie\",\"description\":\"\",\"potentialAction\":[{\"@type\":\"SearchAction\",\"target\":{\"@type\":\"EntryPoint\",\"urlTemplate\":\"https:\/\/quamedical.nl\/?s={search_term_string}\"},\"query-input\":{\"@type\":\"PropertyValueSpecification\",\"valueRequired\":true,\"valueName\":\"search_term_string\"}}],\"inLanguage\":\"fr-FR\"}]}<\/script>\n<!-- \/ Yoast SEO plugin. -->","yoast_head_json":{"title":"QuaMedical - QuaMedical Medische oplossingen voor de Chirurgie","robots":{"index":"index","follow":"follow","max-snippet":"max-snippet:-1","max-image-preview":"max-image-preview:large","max-video-preview":"max-video-preview:-1"},"canonical":"https:\/\/quamedical.nl\/fr\/","og_locale":"fr_FR","og_type":"article","og_title":"QuaMedical - QuaMedical Medische oplossingen voor de Chirurgie","og_url":"https:\/\/quamedical.nl\/fr\/","og_site_name":"QuaMedical Medische oplossingen voor de Chirurgie","article_modified_time":"2024-10-04T18:24:57+00:00","twitter_card":"summary_large_image","schema":{"@context":"https:\/\/schema.org","@graph":[{"@type":"WebPage","@id":"https:\/\/quamedical.nl\/fr\/","url":"https:\/\/quamedical.nl\/fr\/","name":"QuaMedical - QuaMedical Medische oplossingen voor de Chirurgie","isPartOf":{"@id":"https:\/\/quamedical.nl\/#website"},"datePublished":"2016-02-18T15:10:52+00:00","dateModified":"2024-10-04T18:24:57+00:00","inLanguage":"fr-FR","potentialAction":[{"@type":"ReadAction","target":["https:\/\/quamedical.nl\/fr\/"]}]},{"@type":"WebSite","@id":"https:\/\/quamedical.nl\/#website","url":"https:\/\/quamedical.nl\/","name":"QuaMedical Medische oplossingen voor de Chirurgie","description":"","potentialAction":[{"@type":"SearchAction","target":{"@type":"EntryPoint","urlTemplate":"https:\/\/quamedical.nl\/?s={search_term_string}"},"query-input":{"@type":"PropertyValueSpecification","valueRequired":true,"valueName":"search_term_string"}}],"inLanguage":"fr-FR"}]}},"_links":{"self":[{"href":"https:\/\/quamedical.nl\/fr\/wp-json\/wp\/v2\/pages\/2101","targetHints":{"allow":["GET"]}}],"collection":[{"href":"https:\/\/quamedical.nl\/fr\/wp-json\/wp\/v2\/pages"}],"about":[{"href":"https:\/\/quamedical.nl\/fr\/wp-json\/wp\/v2\/types\/page"}],"author":[{"embeddable":true,"href":"https:\/\/quamedical.nl\/fr\/wp-json\/wp\/v2\/users\/1"}],"replies":[{"embeddable":true,"href":"https:\/\/quamedical.nl\/fr\/wp-json\/wp\/v2\/comments?post=2101"}],"version-history":[{"count":11,"href":"https:\/\/quamedical.nl\/fr\/wp-json\/wp\/v2\/pages\/2101\/revisions"}],"predecessor-version":[{"id":3824,"href":"https:\/\/quamedical.nl\/fr\/wp-json\/wp\/v2\/pages\/2101\/revisions\/3824"}],"wp:attachment":[{"href":"https:\/\/quamedical.nl\/fr\/wp-json\/wp\/v2\/media?parent=2101"}],"curies":[{"name":"wp","href":"https:\/\/api.w.org\/{rel}","templated":true}]}}